{"id":2689,"date":"2024-09-27T10:21:51","date_gmt":"2024-09-27T08:21:51","guid":{"rendered":"https:\/\/alexandrabanti.com\/?page_id=2689"},"modified":"2025-12-16T12:07:53","modified_gmt":"2025-12-16T11:07:53","slug":"icone-de-lumiere","status":"publish","type":"page","link":"https:\/\/alexandrabanti.com\/en\/icone-de-lumiere\/","title":{"rendered":"Ic\u00f4ne de Lumi\u00e8re"},"content":{"rendered":"<div data-elementor-type=\"wp-page\" data-elementor-id=\"2689\" class=\"elementor elementor-2689\">\n\t\t\t\t<div class=\"elementor-element elementor-element-884329e e-flex e-con-boxed wpr-particle-no wpr-jarallax-no wpr-parallax-no wpr-sticky-section-no e-con e-parent\" data-id=\"884329e\" data-element_type=\"container\" data-e-type=\"container\" data-settings=\"{&quot;background_background&quot;:&quot;classic&quot;}\">\n\t\t\t\t\t<div class=\"e-con-inner\">\n\t\t\t\t<div class=\"elementor-element elementor-element-5363d1b elementor-widget elementor-widget-shortcode\" data-id=\"5363d1b\" data-element_type=\"widget\" data-e-type=\"widget\" data-widget_type=\"shortcode.default\">\n\t\t\t\t<div class=\"elementor-widget-container\">\n\t\t\t\t\t\t\t<div class=\"elementor-shortcode\"><\/div>\n\t\t\t\t\t\t<\/div>\n\t\t\t\t<\/div>\n\t\t\t\t<div class=\"elementor-element elementor-element-c3beb17 elementor-widget elementor-widget-heading\" data-id=\"c3beb17\" data-element_type=\"widget\" data-e-type=\"widget\" data-widget_type=\"heading.default\">\n\t\t\t\t<div class=\"elementor-widget-container\">\n\t\t\t\t\t<h1 class=\"elementor-heading-title elementor-size-default\">Ic\u00f4ne de Lumi\u00e8re<\/h1>\t\t\t\t<\/div>\n\t\t\t\t<\/div>\n\t\t\t\t\t<\/div>\n\t\t\t\t<\/div>\n\t\t<div class=\"elementor-element elementor-element-0e8e91e e-flex e-con-boxed wpr-particle-no wpr-jarallax-no wpr-parallax-no wpr-sticky-section-no e-con e-parent\" data-id=\"0e8e91e\" data-element_type=\"container\" data-e-type=\"container\">\n\t\t\t\t\t<div class=\"e-con-inner\">\n\t\t<div class=\"elementor-element elementor-element-62876fd e-con-full e-flex wpr-particle-no wpr-jarallax-no wpr-parallax-no wpr-sticky-section-no e-con e-child\" data-id=\"62876fd\" data-element_type=\"container\" data-e-type=\"container\">\n\t\t\t\t<div class=\"elementor-element elementor-element-1caaab9 elementor-widget elementor-widget-image\" data-id=\"1caaab9\" data-element_type=\"widget\" data-e-type=\"widget\" data-widget_type=\"image.default\">\n\t\t\t\t<div class=\"elementor-widget-container\">\n\t\t\t\t\t\t\t\t\t\t\t\t\t\t\t<img fetchpriority=\"high\" decoding=\"async\" width=\"724\" height=\"1024\" src=\"https:\/\/alexandrabanti.com\/wp-content\/uploads\/2025\/07\/Icone_De_Lumiere_-724x1024.jpg\" class=\"attachment-large size-large wp-image-3069\" alt=\"\" srcset=\"https:\/\/alexandrabanti.com\/wp-content\/uploads\/2025\/07\/Icone_De_Lumiere_-724x1024.jpg 724w, https:\/\/alexandrabanti.com\/wp-content\/uploads\/2025\/07\/Icone_De_Lumiere_-212x300.jpg 212w, https:\/\/alexandrabanti.com\/wp-content\/uploads\/2025\/07\/Icone_De_Lumiere_-768x1086.jpg 768w, https:\/\/alexandrabanti.com\/wp-content\/uploads\/2025\/07\/Icone_De_Lumiere_-1086x1536.jpg 1086w, https:\/\/alexandrabanti.com\/wp-content\/uploads\/2025\/07\/Icone_De_Lumiere_-1448x2048.jpg 1448w, https:\/\/alexandrabanti.com\/wp-content\/uploads\/2025\/07\/Icone_De_Lumiere_-8x12.jpg 8w, https:\/\/alexandrabanti.com\/wp-content\/uploads\/2025\/07\/Icone_De_Lumiere_-1320x1867.jpg 1320w, https:\/\/alexandrabanti.com\/wp-content\/uploads\/2025\/07\/Icone_De_Lumiere_-600x849.jpg 600w, https:\/\/alexandrabanti.com\/wp-content\/uploads\/2025\/07\/Icone_De_Lumiere_-scaled.jpg 1810w\" sizes=\"(max-width: 724px) 100vw, 724px\" \/>\t\t\t\t\t\t\t\t\t\t\t\t\t\t\t<\/div>\n\t\t\t\t<\/div>\n\t\t\t\t<\/div>\n\t\t<div class=\"elementor-element elementor-element-f344346 e-con-full e-flex wpr-particle-no wpr-jarallax-no wpr-parallax-no wpr-sticky-section-no e-con e-child\" data-id=\"f344346\" data-element_type=\"container\" data-e-type=\"container\">\n\t\t\t\t<div class=\"elementor-element elementor-element-80219a6 elementor-widget elementor-widget-text-editor\" data-id=\"80219a6\" data-element_type=\"widget\" data-e-type=\"widget\" data-widget_type=\"text-editor.default\">\n\t\t\t\t<div class=\"elementor-widget-container\">\n\t\t\t\t\t\t\t\t\t<p dir=\"ltr\">L\u2019Ic\u00f4ne de Lumi\u00e8re est une \u0153uvre visuelle sacr\u00e9e.<\/p><p dir=\"ltr\">Elle est une repr\u00e9sentation symbolique d&rsquo;une \u00e9nergie pure de sagesse divine, celle qui r\u00e9side en toi, en chacun.e.<\/p><p dir=\"ltr\">Elle est l\u00e0 pour r\u00e9v\u00e9ler une qualit\u00e9 divine que tu es invit\u00e9e \u00e0 refl\u00e9ter dans la mati\u00e8re, te transmettre un enseignement de lumi\u00e8re \u00e0 ancrer.<\/p><p dir=\"ltr\">Sa pr\u00e9sence visuelle \u00e0 tes c\u00f4t\u00e9s sera un rappel constant de cette sagesse, te permettant de la ressentir et de t&rsquo;en impr\u00e9gner.\u00a0<\/p><p dir=\"ltr\">C&rsquo;est une oeuvre messag\u00e8re et enseignante qui t&rsquo;est destin\u00e9e et qui, je l&rsquo;esp\u00e8re, t&rsquo;accompagnera par son \u00e9nergie sur ton chemin de lumi\u00e8re.\u00a0<\/p><p dir=\"ltr\">(C&rsquo;est une oeuvre \u00e9nerg\u00e9tique, inspirante, m\u00e9ditative qui n&rsquo;a pas vocation \u00e0 \u00eatre un support de d\u00e9votion \u00e0 une quelconque entit\u00e9 ou \u00e0 notre \u00e9go. Bien au contraire, elle est un rappel de la vraie Lumi\u00e8re.)<\/p>\t\t\t\t\t\t\t\t<\/div>\n\t\t\t\t<\/div>\n\t\t\t\t<\/div>\n\t\t\t\t\t<\/div>\n\t\t\t\t<\/div>\n\t\t<div class=\"elementor-element elementor-element-d88122c e-flex e-con-boxed wpr-particle-no wpr-jarallax-no wpr-parallax-no wpr-sticky-section-no e-con e-parent\" data-id=\"d88122c\" data-element_type=\"container\" data-e-type=\"container\" data-settings=\"{&quot;background_background&quot;:&quot;classic&quot;}\">\n\t\t\t\t\t<div class=\"e-con-inner\">\n\t\t\t\t<div class=\"elementor-element elementor-element-4dff705 elementor-widget elementor-widget-text-editor\" data-id=\"4dff705\" data-element_type=\"widget\" data-e-type=\"widget\" data-widget_type=\"text-editor.default\">\n\t\t\t\t<div class=\"elementor-widget-container\">\n\t\t\t\t\t\t\t\t\t<p>Pour r\u00e9v\u00e9ler cette Ic\u00f4ne de Lumi\u00e8re personnalis\u00e9e, port\u00e9e par la pri\u00e8re je me laisse inspirer par un message de sagesse, que je noterai et t&rsquo;enverrai par la suite en pdf accompagn\u00e9 de ton ic\u00f4ne.<\/p><p>Dieu est Le seul qui sache ce qui est bon pour nous, c&rsquo;est donc vers Lui que se tournera ma pri\u00e8re, mon coeur.\u00a0<\/p>\t\t\t\t\t\t\t\t<\/div>\n\t\t\t\t<\/div>\n\t\t\t\t\t<\/div>\n\t\t\t\t<\/div>\n\t\t<div class=\"elementor-element elementor-element-3be9830 e-con-full e-flex wpr-particle-no wpr-jarallax-no wpr-parallax-no wpr-sticky-section-no e-con e-parent\" data-id=\"3be9830\" data-element_type=\"container\" data-e-type=\"container\">\n\t\t<div class=\"elementor-element elementor-element-6414bb1 e-con-full e-flex wpr-particle-no wpr-jarallax-no wpr-parallax-no wpr-sticky-section-no e-con e-child\" data-id=\"6414bb1\" data-element_type=\"container\" data-e-type=\"container\">\n\t\t\t\t<div class=\"elementor-element elementor-element-417c823 elementor-widget elementor-widget-heading\" data-id=\"417c823\" data-element_type=\"widget\" data-e-type=\"widget\" data-widget_type=\"heading.default\">\n\t\t\t\t<div class=\"elementor-widget-container\">\n\t\t\t\t\t<h2 class=\"elementor-heading-title elementor-size-default\">D\u00e9roul\u00e9<\/h2>\t\t\t\t<\/div>\n\t\t\t\t<\/div>\n\t\t\t\t<div class=\"elementor-element elementor-element-a4ee8b0 elementor-widget elementor-widget-text-editor\" data-id=\"a4ee8b0\" data-element_type=\"widget\" data-e-type=\"widget\" data-widget_type=\"text-editor.default\">\n\t\t\t\t<div class=\"elementor-widget-container\">\n\t\t\t\t\t\t\t\t\t<p><strong>La\u00a0r\u00e9ception\u00a0du\u00a0message<\/strong><\/p><p>\u2022\u00a0Conversation\u00a0Whatsapp\u00a0pour\u00a0\u00e9changer\u00a0autour\u00a0de\u00a0cette\u00a0cr\u00e9ation.<\/p><p>\u2022\u00a0De\u00a0mon\u00a0c\u00f4t\u00e9,\u00a0j&rsquo;ouvrirai\u00a0un\u00a0espace\u00a0sacr\u00e9\u00a0par\u00a0la\u00a0pri\u00e8re\u00a0et\u00a0\u00e9crirai\u00a0ce\u00a0que\u00a0je\u00a0recevrai\u00a0par\u00a0l&rsquo;Inspiration.<\/p><p>\u2022\u00a0Je\u00a0t\u2019enverrai\u00a0par\u00a0Whatsapp\u00a0deux\u00a0messages\u00a0vocaux\u00a0:\u00a0un\u00a0premier\u00a0avec\u00a0une\u00a0m\u00e9ditation\u00a0guid\u00e9e\u00a0pour\u00a0te\u00a0recentrer\u00a0avant\u00a0d\u2019\u00e9couter\u00a0le\u00a0deuxi\u00e8me\u00a0vocal\u00a0qui\u00a0sera\u00a0le\u00a0message\u00a0que\u00a0j\u2019ai\u00a0re\u00e7u\u00a0pour\u00a0toi\u00a0et\u00a0la\u00a0cr\u00e9ation\u00a0de\u00a0ton\u00a0Ic\u00f4ne.\u00a0<em>Nous\u00a0pourrons\u00a0alors\u00a0\u00e9changer\u00a0si\u00a0tu\u00a0le\u00a0souhaites.<\/em><\/p><p>\u00a0<\/p><p><strong>La\u00a0cr\u00e9ation<\/strong><\/p><p>\u2022\u00a0Je\u00a0r\u00e9alise\u00a0ton\u00a0ic\u00f4ne\u00a0personnelle<\/p><p>\u2022\u00a0Je\u00a0t\u2019envoie\u00a0un\u00a0pdf\u00a0r\u00e9capitulatif\u00a0avec\u00a0le\u00a0message\u00a0et\u00a0le\u00a0dessin<\/p><p>\u2022\u00a0Je\u00a0t\u2019envoie\u00a0ton\u00a0tirage\u00a0fine-art\u00a0A4\u00a0rehauss\u00e9\u00a0de\u00a0peinture\u00a0dor\u00e9e\u00a0ou\u00a0argent\u00e9e\u00a0\u00e0\u00a0la\u00a0main\u00a0(si\u00a0option\u00a0avec\u00a0tirage)<\/p><p>\u2022\u00a0Je\u00a0reste\u00a0disponible\u00a0pour\u00a0\u00e9changer,\u00a0r\u00e9pondre\u00a0et\u00a0\u00e0\u00a0d&rsquo;\u00e9ventuelles\u00a0questions\u00a0apr\u00e8s\u00a0la\u00a0r\u00e9ception\u00a0de\u00a0ton\u00a0PDF.<\/p><p>\u00a0<\/p><p><em>Je\u00a0ne\u00a0partage\u00a0jamais\u00a0l\u2019oeuvre\u00a0r\u00e9alis\u00e9e\u00a0sans\u00a0ton\u00a0autoristation\u00a0pr\u00e9alable.<\/em><\/p>\t\t\t\t\t\t\t\t<\/div>\n\t\t\t\t<\/div>\n\t\t\t\t<div class=\"elementor-element elementor-element-738d783 elementor-widget elementor-widget-button\" data-id=\"738d783\" data-element_type=\"widget\" data-e-type=\"widget\" data-widget_type=\"button.default\">\n\t\t\t\t<div class=\"elementor-widget-container\">\n\t\t\t\t\t\t\t\t\t<div class=\"elementor-button-wrapper\">\n\t\t\t\t\t<a class=\"elementor-button elementor-button-link elementor-size-sm\" href=\"https:\/\/alexandrabanti-artshop.sumupstore.com\/page\/icone-de-lumiere\">\n\t\t\t\t\t\t<span class=\"elementor-button-content-wrapper\">\n\t\t\t\t\t\t\t\t\t<span class=\"elementor-button-text\">Commander son Ic\u00f4ne de Lumi\u00e8re<\/span>\n\t\t\t\t\t<\/span>\n\t\t\t\t\t<\/a>\n\t\t\t\t<\/div>\n\t\t\t\t\t\t\t\t<\/div>\n\t\t\t\t<\/div>\n\t\t\t\t<\/div>\n\t\t<div class=\"elementor-element elementor-element-de68687 e-con-full e-flex wpr-particle-no wpr-jarallax-no wpr-parallax-no wpr-sticky-section-no e-con e-child\" data-id=\"de68687\" data-element_type=\"container\" data-e-type=\"container\">\n\t\t\t\t<div class=\"elementor-element elementor-element-6b01202 elementor-widget elementor-widget-image\" data-id=\"6b01202\" data-element_type=\"widget\" data-e-type=\"widget\" data-widget_type=\"image.default\">\n\t\t\t\t<div class=\"elementor-widget-container\">\n\t\t\t\t\t\t\t\t\t\t\t\t\t\t\t<img decoding=\"async\" width=\"512\" height=\"512\" src=\"https:\/\/alexandrabanti.com\/wp-content\/uploads\/2024\/02\/cropped-Dua_-scaled-1.jpg\" class=\"attachment-large size-large wp-image-1896\" alt=\"\" srcset=\"https:\/\/alexandrabanti.com\/wp-content\/uploads\/2024\/02\/cropped-Dua_-scaled-1.jpg 512w, https:\/\/alexandrabanti.com\/wp-content\/uploads\/2024\/02\/cropped-Dua_-scaled-1-300x300.jpg 300w, https:\/\/alexandrabanti.com\/wp-content\/uploads\/2024\/02\/cropped-Dua_-scaled-1-150x150.jpg 150w, https:\/\/alexandrabanti.com\/wp-content\/uploads\/2024\/02\/cropped-Dua_-scaled-1-270x270.jpg 270w, https:\/\/alexandrabanti.com\/wp-content\/uploads\/2024\/02\/cropped-Dua_-scaled-1-192x192.jpg 192w, https:\/\/alexandrabanti.com\/wp-content\/uploads\/2024\/02\/cropped-Dua_-scaled-1-180x180.jpg 180w, https:\/\/alexandrabanti.com\/wp-content\/uploads\/2024\/02\/cropped-Dua_-scaled-1-32x32.jpg 32w\" sizes=\"(max-width: 512px) 100vw, 512px\" \/>\t\t\t\t\t\t\t\t\t\t\t\t\t\t\t<\/div>\n\t\t\t\t<\/div>\n\t\t\t\t<\/div>\n\t\t\t\t<\/div>\n\t\t<div class=\"elementor-element elementor-element-25e5900 e-flex e-con-boxed wpr-particle-no wpr-jarallax-no wpr-parallax-no wpr-sticky-section-no e-con e-parent\" data-id=\"25e5900\" data-element_type=\"container\" data-e-type=\"container\">\n\t\t\t\t\t<div class=\"e-con-inner\">\n\t\t\t\t<div class=\"elementor-element elementor-element-6b72d11 elementor-arrows-position-inside elementor-pagination-position-outside elementor-widget elementor-widget-image-carousel\" data-id=\"6b72d11\" data-element_type=\"widget\" data-e-type=\"widget\" data-settings=\"{&quot;navigation&quot;:&quot;both&quot;,&quot;autoplay&quot;:&quot;yes&quot;,&quot;pause_on_hover&quot;:&quot;yes&quot;,&quot;pause_on_interaction&quot;:&quot;yes&quot;,&quot;autoplay_speed&quot;:5000,&quot;infinite&quot;:&quot;yes&quot;,&quot;speed&quot;:500}\" data-widget_type=\"image-carousel.default\">\n\t\t\t\t<div class=\"elementor-widget-container\">\n\t\t\t\t\t\t\t<div class=\"elementor-image-carousel-wrapper swiper\" role=\"region\" aria-roledescription=\"carousel\" aria-label=\"Carrousel d\u2019images\" dir=\"ltr\">\n\t\t\t<div class=\"elementor-image-carousel swiper-wrapper\" aria-live=\"off\">\n\t\t\t\t\t\t\t\t<div class=\"swiper-slide\" role=\"group\" aria-roledescription=\"slide\" aria-label=\"1 sur 10\"><figure class=\"swiper-slide-inner\"><img decoding=\"async\" class=\"swiper-slide-image\" src=\"https:\/\/alexandrabanti.com\/wp-content\/uploads\/2024\/09\/Screenshot_20240927-101640-173x300.png\" alt=\"\" \/><\/figure><\/div><div class=\"swiper-slide\" role=\"group\" aria-roledescription=\"slide\" aria-label=\"2 sur 10\"><figure class=\"swiper-slide-inner\"><img decoding=\"async\" class=\"swiper-slide-image\" src=\"https:\/\/alexandrabanti.com\/wp-content\/uploads\/2024\/09\/Screenshot_20240927-101703-217x300.png\" alt=\"\" \/><\/figure><\/div><div class=\"swiper-slide\" role=\"group\" aria-roledescription=\"slide\" aria-label=\"3 sur 10\"><figure class=\"swiper-slide-inner\"><img decoding=\"async\" class=\"swiper-slide-image\" src=\"https:\/\/alexandrabanti.com\/wp-content\/uploads\/2024\/09\/Screenshot_20240927-101728-178x300.png\" alt=\"\" \/><\/figure><\/div><div class=\"swiper-slide\" role=\"group\" aria-roledescription=\"slide\" aria-label=\"4 sur 10\"><figure class=\"swiper-slide-inner\"><img decoding=\"async\" class=\"swiper-slide-image\" src=\"https:\/\/alexandrabanti.com\/wp-content\/uploads\/2024\/09\/Screenshot_20240927-101625-174x300.png\" alt=\"\" \/><\/figure><\/div><div class=\"swiper-slide\" role=\"group\" aria-roledescription=\"slide\" aria-label=\"5 sur 10\"><figure class=\"swiper-slide-inner\"><img decoding=\"async\" class=\"swiper-slide-image\" src=\"https:\/\/alexandrabanti.com\/wp-content\/uploads\/2024\/09\/Screenshot_20240927-101716-181x300.png\" alt=\"\" \/><\/figure><\/div><div class=\"swiper-slide\" role=\"group\" aria-roledescription=\"slide\" aria-label=\"6 sur 10\"><figure class=\"swiper-slide-inner\"><img decoding=\"async\" class=\"swiper-slide-image\" src=\"https:\/\/alexandrabanti.com\/wp-content\/uploads\/2025\/07\/Deesse_Fanny-212x300.jpg\" alt=\"Deesse_Fanny\" \/><\/figure><\/div><div class=\"swiper-slide\" role=\"group\" aria-roledescription=\"slide\" aria-label=\"7 sur 10\"><figure class=\"swiper-slide-inner\"><img decoding=\"async\" class=\"swiper-slide-image\" src=\"https:\/\/alexandrabanti.com\/wp-content\/uploads\/2025\/07\/Energie_Divine_Couple-_Yuliya_Et_Dominique-212x300.jpg\" alt=\"Energie_Divine_Couple-_Yuliya_Et_Dominique\" \/><\/figure><\/div><div class=\"swiper-slide\" role=\"group\" aria-roledescription=\"slide\" aria-label=\"8 sur 10\"><figure class=\"swiper-slide-inner\"><img decoding=\"async\" class=\"swiper-slide-image\" src=\"https:\/\/alexandrabanti.com\/wp-content\/uploads\/2025\/07\/Deesse_Kimberley_-212x300.jpg\" alt=\"Deesse_Kimberley_\" \/><\/figure><\/div><div class=\"swiper-slide\" role=\"group\" aria-roledescription=\"slide\" aria-label=\"9 sur 10\"><figure class=\"swiper-slide-inner\"><img decoding=\"async\" class=\"swiper-slide-image\" src=\"https:\/\/alexandrabanti.com\/wp-content\/uploads\/2025\/07\/Deesse_Emilie-212x300.jpg\" alt=\"Deesse_Emilie\" \/><\/figure><\/div><div class=\"swiper-slide\" role=\"group\" aria-roledescription=\"slide\" aria-label=\"10 sur 10\"><figure class=\"swiper-slide-inner\"><img decoding=\"async\" class=\"swiper-slide-image\" src=\"https:\/\/alexandrabanti.com\/wp-content\/uploads\/2025\/07\/Deesse_Marjolaine-212x300.jpg\" alt=\"Deesse_Marjolaine\" \/><\/figure><\/div>\t\t\t<\/div>\n\t\t\t\t\t\t\t\t\t\t\t\t<div class=\"elementor-swiper-button elementor-swiper-button-prev\" role=\"button\" tabindex=\"0\">\n\t\t\t\t\t\t<svg aria-hidden=\"true\" class=\"e-font-icon-svg e-eicon-chevron-left\" viewbox=\"0 0 1000 1000\" xmlns=\"http:\/\/www.w3.org\/2000\/svg\"><path d=\"M646 125C629 125 613 133 604 142L308 442C296 454 292 471 292 487 292 504 296 521 308 533L604 854C617 867 629 875 646 875 663 875 679 871 692 858 704 846 713 829 713 812 713 796 708 779 692 767L438 487 692 225C700 217 708 204 708 187 708 171 704 154 692 142 675 129 663 125 646 125Z\"><\/path><\/svg>\t\t\t\t\t<\/div>\n\t\t\t\t\t<div class=\"elementor-swiper-button elementor-swiper-button-next\" role=\"button\" tabindex=\"0\">\n\t\t\t\t\t\t<svg aria-hidden=\"true\" class=\"e-font-icon-svg e-eicon-chevron-right\" viewbox=\"0 0 1000 1000\" xmlns=\"http:\/\/www.w3.org\/2000\/svg\"><path d=\"M696 533C708 521 713 504 713 487 713 471 708 454 696 446L400 146C388 133 375 125 354 125 338 125 325 129 313 142 300 154 292 171 292 187 292 204 296 221 308 233L563 492 304 771C292 783 288 800 288 817 288 833 296 850 308 863 321 871 338 875 354 875 371 875 388 867 400 854L696 533Z\"><\/path><\/svg>\t\t\t\t\t<\/div>\n\t\t\t\t\n\t\t\t\t\t\t\t\t\t<div class=\"swiper-pagination\"><\/div>\n\t\t\t\t\t\t\t\t\t<\/div>\n\t\t\t\t\t\t<\/div>\n\t\t\t\t<\/div>\n\t\t\t\t\t<\/div>\n\t\t\t\t<\/div>\n\t\t<div class=\"elementor-element elementor-element-8dbaf20 e-flex e-con-boxed wpr-particle-no wpr-jarallax-no wpr-parallax-no wpr-sticky-section-no e-con e-parent\" data-id=\"8dbaf20\" data-element_type=\"container\" data-e-type=\"container\">\n\t\t\t\t\t<div class=\"e-con-inner\">\n\t\t\t\t<div class=\"elementor-element elementor-element-8bdda7e elementor-widget elementor-widget-heading\" data-id=\"8bdda7e\" data-element_type=\"widget\" data-e-type=\"widget\" data-widget_type=\"heading.default\">\n\t\t\t\t<div class=\"elementor-widget-container\">\n\t\t\t\t\t<h2 class=\"elementor-heading-title elementor-size-default\">Au plaisir de te retrouver bient\u00f4t<\/h2>\t\t\t\t<\/div>\n\t\t\t\t<\/div>\n\t\t\t\t\t<\/div>\n\t\t\t\t<\/div>\n\t\t\t\t<\/div>","protected":false},"excerpt":{"rendered":"<p>Je r\u00e9v\u00e8le ta d\u00e9esse int\u00e9rieure au travers d&rsquo;une oeuvre originale en me connectant \u00e0 tes Archives Akashiques.<\/p>","protected":false},"author":1,"featured_media":1651,"parent":0,"menu_order":0,"comment_status":"closed","ping_status":"closed","template":"","meta":{"om_disable_all_campaigns":false,"_monsterinsights_skip_tracking":false,"_monsterinsights_sitenote_active":false,"_monsterinsights_sitenote_note":"","_monsterinsights_sitenote_category":0,"ngg_post_thumbnail":0,"footnotes":""},"class_list":["post-2689","page","type-page","status-publish","has-post-thumbnail","hentry"],"blocksy_meta":{"page_title_panel":"","has_hero_section":"disabled","f1136e7ee5b8885e31d057851f626172":"","hero_section":"type-1","hero_elements":[{"id":"custom_title","enabled":true,"heading_tag":"h1","title":"Home"},{"id":"custom_description","enabled":true,"description_visibility":{"desktop":true,"tablet":true,"mobile":false}},{"id":"custom_meta","enabled":false,"meta_elements":[{"id":"author","enabled":true,"label":"By","has_author_avatar":"yes","avatar_size":25},{"id":"post_date","enabled":true,"label":"On","date_format_source":"default","date_format":"M j, Y"},{"id":"updated_date","enabled":false,"label":"On","date_format_source":"default","date_format":"M j, Y"},{"id":"categories","enabled":false,"label":"In","style":"simple"},{"id":"comments","enabled":true}],"page_meta_elements":{"joined":true,"articles_count":true,"comments":true}},{"id":"breadcrumbs","enabled":false}],"89c9190f83e56562eb5e5bec93fd810f":"","hero_alignment1":"CT_CSS_SKIP_RULE","hero_margin":40,"hero_alignment2":"center","hero_vertical_alignment":"center","e60a8f748b9d7129196a0b8f339ee63a":"","hero_structure":"narrow","536de1502c8437cfdd16c926ab6efa22":"","page_title_bg_type":"featured_image","custom_hero_background":{"attachment_id":null},"page_title_image_size":"full","parallax":{"desktop":false,"tablet":false,"mobile":false},"69843295c40af0d47f36a027b7fec037":"","hero_height":"250px","pageTitleFont":{"family":"Default","variation":"Default","size":"30px","line-height":"CT_CSS_SKIP_RULE","letter-spacing":"CT_CSS_SKIP_RULE","text-transform":"CT_CSS_SKIP_RULE","text-decoration":"CT_CSS_SKIP_RULE"},"pageTitleFontColor":{"default":{"color":"CT_CSS_SKIP_RULEDEFAULT"}},"pageMetaFont":{"family":"Default","variation":"n6","size":"12px","line-height":"1.3","letter-spacing":"CT_CSS_SKIP_RULE","text-transform":"uppercase","text-decoration":"CT_CSS_SKIP_RULE"},"pageMetaFontColor":{"default":{"color":"CT_CSS_SKIP_RULEDEFAULT"},"hover":{"color":"CT_CSS_SKIP_RULEDEFAULT"}},"page_meta_button_type_font_colors":{"default":{"color":"CT_CSS_SKIP_RULEDEFAULT"},"hover":{"color":"CT_CSS_SKIP_RULEDEFAULT"}},"page_meta_button_type_background_colors":{"default":{"color":"CT_CSS_SKIP_RULEDEFAULT"},"hover":{"color":"CT_CSS_SKIP_RULEDEFAULT"}},"pageExcerptFont":{"family":"Default","variation":"Default","size":"CT_CSS_SKIP_RULE","line-height":"CT_CSS_SKIP_RULE","letter-spacing":"CT_CSS_SKIP_RULE","text-transform":"CT_CSS_SKIP_RULE","text-decoration":"CT_CSS_SKIP_RULE"},"pageExcerptColor":{"default":{"color":"CT_CSS_SKIP_RULEDEFAULT"}},"breadcrumbsFont":{"family":"Default","variation":"Default","size":"CT_CSS_SKIP_RULE","line-height":"CT_CSS_SKIP_RULE","letter-spacing":"CT_CSS_SKIP_RULE","text-transform":"CT_CSS_SKIP_RULE","text-decoration":"CT_CSS_SKIP_RULE"},"breadcrumbsFontColor":{"default":{"color":"CT_CSS_SKIP_RULEDEFAULT"},"initial":{"color":"CT_CSS_SKIP_RULEDEFAULT"},"hover":{"color":"CT_CSS_SKIP_RULEDEFAULT"}},"pageTitleOverlay":{"background_type":"color","background_pattern":"type-1","background_image":{"attachment_id":null,"x":0,"y":0},"gradient":"linear-gradient(135deg,rgba(6,147,227,1) 0%,rgb(155,81,224) 100%)","background_repeat":"repeat","background_size":"auto","background_attachment":"scroll","patternColor":{"default":{"color":"#e5e7ea"}},"overlayColor":{"default":{"color":"CT_CSS_SKIP_RULE"}},"backgroundColor":{"default":{"color":"CT_CSS_SKIP_RULE"}}},"pageTitleBackground":{"background_type":"color","background_pattern":"type-1","background_image":{"attachment_id":null,"x":0,"y":0},"gradient":"linear-gradient(135deg,rgba(6,147,227,1) 0%,rgb(155,81,224) 100%)","background_repeat":"repeat","background_size":"auto","background_attachment":"scroll","patternColor":{"default":{"color":"#e5e7ea"}},"overlayColor":{"default":{"color":"CT_CSS_SKIP_RULE"}},"backgroundColor":{"default":{"color":"var(--theme-palette-color-6)"}}},"pageTitlePadding":{"top":"50px","bottom":"50px","left":"auto","right":"auto","linked":true},"783c4c459d241e30313debf45f2c814b":"","page_structure_type":"default","e613dc033b4e9790284fe177d7069300":"","content_style_source":"inherit","content_style":"wide","vertical_spacing_source":"custom","content_area_spacing":"none","background":{"background_type":"color","background_pattern":"type-1","background_image":{"attachment_id":null,"x":0,"y":0},"gradient":"linear-gradient(135deg,rgba(6,147,227,1) 0%,rgb(155,81,224) 100%)","background_repeat":"repeat","background_size":"auto","background_attachment":"scroll","patternColor":{"default":{"color":"#e5e7ea"}},"overlayColor":{"default":{"color":"CT_CSS_SKIP_RULE"}},"backgroundColor":{"default":{"color":"CT_CSS_SKIP_RULE"}}},"content_background":{"background_type":"color","background_pattern":"type-1","background_image":{"attachment_id":null,"x":0,"y":0},"gradient":"linear-gradient(135deg,rgba(6,147,227,1) 0%,rgb(155,81,224) 100%)","background_repeat":"repeat","background_size":"auto","background_attachment":"scroll","patternColor":{"default":{"color":"#e5e7ea"}},"overlayColor":{"default":{"color":"CT_CSS_SKIP_RULE"}},"backgroundColor":{"default":{"color":"var(--theme-palette-color-8)"}}},"content_boxed_shadow":{"inherit":false,"blur":18,"spread":-6,"v_offset":12,"h_offset":0,"inset":false,"enable":true,"color":{"color":"rgba(34, 56, 101, 0.04)"}},"content_boxed_border":{"width":1,"style":"none","color":{"color":"rgba(44,62,80,0.2)"}},"content_boxed_radius":{"top":"3px","bottom":"3px","left":"3px","right":"3px","linked":true},"boxed_content_spacing":{"desktop":{"top":"40px","bottom":"40px","left":"40px","right":"40px","linked":true},"tablet":{"top":"35px","bottom":"35px","left":"35px","right":"35px","linked":true},"mobile":{"top":"20px","bottom":"20px","left":"20px","right":"20px","linked":true}},"78c6ea42f5c8dae61b6046a19e13a7fb":"","disable_featured_image":"no","disable_share_box":"no","disable_header":"no","disable_footer":"no","styles_descriptor":{"styles":{"desktop":"","tablet":"","mobile":""},"google_fonts":[],"version":6}},"aioseo_notices":[],"_links":{"self":[{"href":"https:\/\/alexandrabanti.com\/en\/wp-json\/wp\/v2\/pages\/2689","targetHints":{"allow":["GET"]}}],"collection":[{"href":"https:\/\/alexandrabanti.com\/en\/wp-json\/wp\/v2\/pages"}],"about":[{"href":"https:\/\/alexandrabanti.com\/en\/wp-json\/wp\/v2\/types\/page"}],"author":[{"embeddable":true,"href":"https:\/\/alexandrabanti.com\/en\/wp-json\/wp\/v2\/users\/1"}],"replies":[{"embeddable":true,"href":"https:\/\/alexandrabanti.com\/en\/wp-json\/wp\/v2\/comments?post=2689"}],"version-history":[{"count":44,"href":"https:\/\/alexandrabanti.com\/en\/wp-json\/wp\/v2\/pages\/2689\/revisions"}],"predecessor-version":[{"id":3157,"href":"https:\/\/alexandrabanti.com\/en\/wp-json\/wp\/v2\/pages\/2689\/revisions\/3157"}],"wp:featuredmedia":[{"embeddable":true,"href":"https:\/\/alexandrabanti.com\/en\/wp-json\/wp\/v2\/media\/1651"}],"wp:attachment":[{"href":"https:\/\/alexandrabanti.com\/en\/wp-json\/wp\/v2\/media?parent=2689"}],"curies":[{"name":"wp","href":"https:\/\/api.w.org\/{rel}","templated":true}]}}