{"id":2937,"date":"2025-05-20T09:58:09","date_gmt":"2025-05-20T07:58:09","guid":{"rendered":"https:\/\/alexandrabanti.com\/?page_id=2937"},"modified":"2025-05-20T15:06:35","modified_gmt":"2025-05-20T13:06:35","slug":"saintes-saints","status":"publish","type":"page","link":"https:\/\/alexandrabanti.com\/en\/saintes-saints\/","title":{"rendered":"Saintes et saints"},"content":{"rendered":"<div data-elementor-type=\"wp-page\" data-elementor-id=\"2937\" class=\"elementor elementor-2937\">\n\t\t\t\t<div class=\"elementor-element elementor-element-884329e e-flex e-con-boxed wpr-particle-no wpr-jarallax-no wpr-parallax-no wpr-sticky-section-no e-con e-parent\" data-id=\"884329e\" data-element_type=\"container\" data-e-type=\"container\" data-settings=\"{&quot;background_background&quot;:&quot;classic&quot;}\">\n\t\t\t\t\t<div class=\"e-con-inner\">\n\t\t\t\t<div class=\"elementor-element elementor-element-5363d1b elementor-widget elementor-widget-shortcode\" data-id=\"5363d1b\" data-element_type=\"widget\" data-e-type=\"widget\" data-widget_type=\"shortcode.default\">\n\t\t\t\t<div class=\"elementor-widget-container\">\n\t\t\t\t\t\t\t<div class=\"elementor-shortcode\"><\/div>\n\t\t\t\t\t\t<\/div>\n\t\t\t\t<\/div>\n\t\t\t\t<div class=\"elementor-element elementor-element-c3beb17 elementor-widget elementor-widget-heading\" data-id=\"c3beb17\" data-element_type=\"widget\" data-e-type=\"widget\" data-widget_type=\"heading.default\">\n\t\t\t\t<div class=\"elementor-widget-container\">\n\t\t\t\t\t<h1 class=\"elementor-heading-title elementor-size-default\">Les Saintes et Saints aux vitraux<\/h1>\t\t\t\t<\/div>\n\t\t\t\t<\/div>\n\t\t\t\t\t<\/div>\n\t\t\t\t<\/div>\n\t\t<div class=\"elementor-element elementor-element-19ad396 e-flex e-con-boxed wpr-particle-no wpr-jarallax-no wpr-parallax-no wpr-sticky-section-no e-con e-parent\" data-id=\"19ad396\" data-element_type=\"container\" data-e-type=\"container\">\n\t\t\t\t\t<div class=\"e-con-inner\">\n\t\t\t\t<div class=\"elementor-element elementor-element-6c43594 elementor-widget elementor-widget-text-editor\" data-id=\"6c43594\" data-element_type=\"widget\" data-e-type=\"widget\" data-widget_type=\"text-editor.default\">\n\t\t\t\t<div class=\"elementor-widget-container\">\n\t\t\t\t\t\t\t\t\t<p>Cette s\u00e9rie de saintes et saints anonymes explore diff\u00e9rents \u00e9tats de connexion spirituelle, de la douce confiance aux larmes du souvenir, de la soumission \u00e0 la Volont\u00e9 divine au repentir. Nous pouvons alors nous relier \u00e0 ces \u00e9tats repr\u00e9senter, les sentir et en retirer les enseignements. (s\u00e9rie en cours)<\/p><p>-Toutes les illustrations sont disponibles \u00e0 l&rsquo;achat en impression haute qualit\u00e9 sur papier Fine Art Hahnem\u00fchle, sign\u00e9es &#8211;<br \/><a href=\"https:\/\/alexandrabanti.com\/commande-tirage\/\">Pour en savoir plus rdv sur la page d\u00e9di\u00e9e ici.<\/a><\/p>\t\t\t\t\t\t\t\t<\/div>\n\t\t\t\t<\/div>\n\t\t\t\t\t<\/div>\n\t\t\t\t<\/div>\n\t\t<div class=\"elementor-element elementor-element-8d34a15 e-flex e-con-boxed wpr-particle-no wpr-jarallax-no wpr-parallax-no wpr-sticky-section-no e-con e-parent\" data-id=\"8d34a15\" data-element_type=\"container\" data-e-type=\"container\">\n\t\t\t\t\t<div class=\"e-con-inner\">\n\t\t<div class=\"elementor-element elementor-element-e525a4f e-con-full e-flex wpr-particle-no wpr-jarallax-no wpr-parallax-no wpr-sticky-section-no e-con e-child\" data-id=\"e525a4f\" data-element_type=\"container\" data-e-type=\"container\">\n\t\t\t\t<div class=\"elementor-element elementor-element-1b013a5 elementor-widget elementor-widget-image\" data-id=\"1b013a5\" data-element_type=\"widget\" data-e-type=\"widget\" data-widget_type=\"image.default\">\n\t\t\t\t<div class=\"elementor-widget-container\">\n\t\t\t\t\t\t\t\t\t\t\t\t\t\t\t<img fetchpriority=\"high\" decoding=\"async\" width=\"771\" height=\"1024\" src=\"https:\/\/alexandrabanti.com\/wp-content\/uploads\/2024\/04\/Larmes_Du_Souvenir-1-771x1024.jpg\" class=\"attachment-large size-large wp-image-2386\" alt=\"\" srcset=\"https:\/\/alexandrabanti.com\/wp-content\/uploads\/2024\/04\/Larmes_Du_Souvenir-1-771x1024.jpg 771w, https:\/\/alexandrabanti.com\/wp-content\/uploads\/2024\/04\/Larmes_Du_Souvenir-1-scaled-600x797.jpg 600w, https:\/\/alexandrabanti.com\/wp-content\/uploads\/2024\/04\/Larmes_Du_Souvenir-1-226x300.jpg 226w, https:\/\/alexandrabanti.com\/wp-content\/uploads\/2024\/04\/Larmes_Du_Souvenir-1-768x1020.jpg 768w, https:\/\/alexandrabanti.com\/wp-content\/uploads\/2024\/04\/Larmes_Du_Souvenir-1-1157x1536.jpg 1157w, https:\/\/alexandrabanti.com\/wp-content\/uploads\/2024\/04\/Larmes_Du_Souvenir-1-1542x2048.jpg 1542w, https:\/\/alexandrabanti.com\/wp-content\/uploads\/2024\/04\/Larmes_Du_Souvenir-1-9x12.jpg 9w, https:\/\/alexandrabanti.com\/wp-content\/uploads\/2024\/04\/Larmes_Du_Souvenir-1-1320x1753.jpg 1320w, https:\/\/alexandrabanti.com\/wp-content\/uploads\/2024\/04\/Larmes_Du_Souvenir-1-scaled.jpg 1928w\" sizes=\"(max-width: 771px) 100vw, 771px\" \/>\t\t\t\t\t\t\t\t\t\t\t\t\t\t\t<\/div>\n\t\t\t\t<\/div>\n\t\t\t\t<\/div>\n\t\t<div class=\"elementor-element elementor-element-a0a32bd e-con-full e-flex wpr-particle-no wpr-jarallax-no wpr-parallax-no wpr-sticky-section-no e-con e-child\" data-id=\"a0a32bd\" data-element_type=\"container\" data-e-type=\"container\">\n\t\t\t\t<div class=\"elementor-element elementor-element-b95fb88 elementor-widget elementor-widget-image\" data-id=\"b95fb88\" data-element_type=\"widget\" data-e-type=\"widget\" data-widget_type=\"image.default\">\n\t\t\t\t<div class=\"elementor-widget-container\">\n\t\t\t\t\t\t\t\t\t\t\t\t\t\t\t<img decoding=\"async\" width=\"754\" height=\"1024\" src=\"https:\/\/alexandrabanti.com\/wp-content\/uploads\/2024\/06\/Larmes_Souvenir_Homme-754x1024.jpg\" class=\"attachment-large size-large wp-image-2463\" alt=\"\" srcset=\"https:\/\/alexandrabanti.com\/wp-content\/uploads\/2024\/06\/Larmes_Souvenir_Homme-754x1024.jpg 754w, https:\/\/alexandrabanti.com\/wp-content\/uploads\/2024\/06\/Larmes_Souvenir_Homme-scaled-600x814.jpg 600w, https:\/\/alexandrabanti.com\/wp-content\/uploads\/2024\/06\/Larmes_Souvenir_Homme-221x300.jpg 221w, https:\/\/alexandrabanti.com\/wp-content\/uploads\/2024\/06\/Larmes_Souvenir_Homme-768x1043.jpg 768w, https:\/\/alexandrabanti.com\/wp-content\/uploads\/2024\/06\/Larmes_Souvenir_Homme-1131x1536.jpg 1131w, https:\/\/alexandrabanti.com\/wp-content\/uploads\/2024\/06\/Larmes_Souvenir_Homme-1509x2048.jpg 1509w, https:\/\/alexandrabanti.com\/wp-content\/uploads\/2024\/06\/Larmes_Souvenir_Homme-9x12.jpg 9w, https:\/\/alexandrabanti.com\/wp-content\/uploads\/2024\/06\/Larmes_Souvenir_Homme-1320x1792.jpg 1320w, https:\/\/alexandrabanti.com\/wp-content\/uploads\/2024\/06\/Larmes_Souvenir_Homme-scaled.jpg 1886w\" sizes=\"(max-width: 754px) 100vw, 754px\" \/>\t\t\t\t\t\t\t\t\t\t\t\t\t\t\t<\/div>\n\t\t\t\t<\/div>\n\t\t\t\t<\/div>\n\t\t<div class=\"elementor-element elementor-element-f9edfb9 e-con-full e-flex wpr-particle-no wpr-jarallax-no wpr-parallax-no wpr-sticky-section-no e-con e-child\" data-id=\"f9edfb9\" data-element_type=\"container\" data-e-type=\"container\">\n\t\t\t\t<div class=\"elementor-element elementor-element-eab9b8b elementor-widget elementor-widget-text-editor\" data-id=\"eab9b8b\" data-element_type=\"widget\" data-e-type=\"widget\" data-widget_type=\"text-editor.default\">\n\t\t\t\t<div class=\"elementor-widget-container\">\n\t\t\t\t\t\t\t\t\t<p><strong>Les larmes du Souvenir<\/strong><\/p><p>Lorsque le Coeur se rappelle, que la sensation de l&rsquo;Unit\u00e9 nous remplie, des larmes de lumi\u00e8re se d\u00e9versent en silence sur nos joues de chair.\u00a0<\/p>\t\t\t\t\t\t\t\t<\/div>\n\t\t\t\t<\/div>\n\t\t\t\t<\/div>\n\t\t\t\t\t<\/div>\n\t\t\t\t<\/div>\n\t\t<div class=\"elementor-element elementor-element-e4d4ce8 e-flex e-con-boxed wpr-particle-no wpr-jarallax-no wpr-parallax-no wpr-sticky-section-no e-con e-parent\" data-id=\"e4d4ce8\" data-element_type=\"container\" data-e-type=\"container\">\n\t\t\t\t\t<div class=\"e-con-inner\">\n\t\t<div class=\"elementor-element elementor-element-5276ab3 e-con-full e-flex wpr-particle-no wpr-jarallax-no wpr-parallax-no wpr-sticky-section-no e-con e-child\" data-id=\"5276ab3\" data-element_type=\"container\" data-e-type=\"container\">\n\t\t\t\t<div class=\"elementor-element elementor-element-a9ba2b6 elementor-widget elementor-widget-image\" data-id=\"a9ba2b6\" data-element_type=\"widget\" data-e-type=\"widget\" data-widget_type=\"image.default\">\n\t\t\t\t<div class=\"elementor-widget-container\">\n\t\t\t\t\t\t\t\t\t\t\t\t\t\t\t<img decoding=\"async\" width=\"776\" height=\"1024\" src=\"https:\/\/alexandrabanti.com\/wp-content\/uploads\/2024\/04\/Tawakkul-1-776x1024.jpg\" class=\"attachment-large size-large wp-image-2387\" alt=\"\" srcset=\"https:\/\/alexandrabanti.com\/wp-content\/uploads\/2024\/04\/Tawakkul-1-776x1024.jpg 776w, https:\/\/alexandrabanti.com\/wp-content\/uploads\/2024\/04\/Tawakkul-1-scaled-600x791.jpg 600w, https:\/\/alexandrabanti.com\/wp-content\/uploads\/2024\/04\/Tawakkul-1-227x300.jpg 227w, https:\/\/alexandrabanti.com\/wp-content\/uploads\/2024\/04\/Tawakkul-1-768x1013.jpg 768w, https:\/\/alexandrabanti.com\/wp-content\/uploads\/2024\/04\/Tawakkul-1-1165x1536.jpg 1165w, https:\/\/alexandrabanti.com\/wp-content\/uploads\/2024\/04\/Tawakkul-1-1553x2048.jpg 1553w, https:\/\/alexandrabanti.com\/wp-content\/uploads\/2024\/04\/Tawakkul-1-9x12.jpg 9w, https:\/\/alexandrabanti.com\/wp-content\/uploads\/2024\/04\/Tawakkul-1-1320x1741.jpg 1320w, https:\/\/alexandrabanti.com\/wp-content\/uploads\/2024\/04\/Tawakkul-1-scaled.jpg 1941w\" sizes=\"(max-width: 776px) 100vw, 776px\" \/>\t\t\t\t\t\t\t\t\t\t\t\t\t\t\t<\/div>\n\t\t\t\t<\/div>\n\t\t\t\t<\/div>\n\t\t<div class=\"elementor-element elementor-element-29b9be5 e-con-full e-flex wpr-particle-no wpr-jarallax-no wpr-parallax-no wpr-sticky-section-no e-con e-child\" data-id=\"29b9be5\" data-element_type=\"container\" data-e-type=\"container\">\n\t\t\t\t<div class=\"elementor-element elementor-element-f8dd0b8 elementor-widget elementor-widget-text-editor\" data-id=\"f8dd0b8\" data-element_type=\"widget\" data-e-type=\"widget\" data-widget_type=\"text-editor.default\">\n\t\t\t\t<div class=\"elementor-widget-container\">\n\t\t\t\t\t\t\t\t\t<p><span style=\"font-family: inherit; font-size: inherit; font-style: inherit; font-variant-ligatures: inherit; font-variant-caps: inherit; text-align: var(--text-align); background-color: var(--theme-palette-color-5); color: var(--theme-text-color); letter-spacing: var(--theme-letter-spacing); text-transform: var(--theme-text-transform);\"><b>Celle qui s&rsquo;en remet \u00e0 Dieu\u00a0<\/b><\/span><\/p><p>S&rsquo;en remettre \u00e0 Dieu, soumettre sa personnalit\u00e9 \u00e0 l&rsquo;Intelligence divine, le souffle spirituel de vie en nous qui conna\u00eet la Volont\u00e9 divine, qui est programm\u00e9 pour r\u00e9aliser le plan divin, apporte la b\u00e9n\u00e9diction sur chacune de nos actions, exp\u00e9riences, apprentissages\u00a0<\/p>\t\t\t\t\t\t\t\t<\/div>\n\t\t\t\t<\/div>\n\t\t\t\t<\/div>\n\t\t\t\t\t<\/div>\n\t\t\t\t<\/div>\n\t\t<div class=\"elementor-element elementor-element-23420fc e-flex e-con-boxed wpr-particle-no wpr-jarallax-no wpr-parallax-no wpr-sticky-section-no e-con e-parent\" data-id=\"23420fc\" data-element_type=\"container\" data-e-type=\"container\">\n\t\t\t\t\t<div class=\"e-con-inner\">\n\t\t<div class=\"elementor-element elementor-element-9484193 e-con-full e-flex wpr-particle-no wpr-jarallax-no wpr-parallax-no wpr-sticky-section-no e-con e-child\" data-id=\"9484193\" data-element_type=\"container\" data-e-type=\"container\">\n\t\t\t\t<div class=\"elementor-element elementor-element-495705f elementor-widget elementor-widget-image\" data-id=\"495705f\" data-element_type=\"widget\" data-e-type=\"widget\" data-widget_type=\"image.default\">\n\t\t\t\t<div class=\"elementor-widget-container\">\n\t\t\t\t\t\t\t\t\t\t\t\t\t\t\t<img loading=\"lazy\" decoding=\"async\" width=\"759\" height=\"1024\" src=\"https:\/\/alexandrabanti.com\/wp-content\/uploads\/2024\/06\/Celle_Qui_A_Confiance-759x1024.jpg\" class=\"attachment-large size-large wp-image-2461\" alt=\"\" srcset=\"https:\/\/alexandrabanti.com\/wp-content\/uploads\/2024\/06\/Celle_Qui_A_Confiance-759x1024.jpg 759w, https:\/\/alexandrabanti.com\/wp-content\/uploads\/2024\/06\/Celle_Qui_A_Confiance-scaled-600x810.jpg 600w, https:\/\/alexandrabanti.com\/wp-content\/uploads\/2024\/06\/Celle_Qui_A_Confiance-222x300.jpg 222w, https:\/\/alexandrabanti.com\/wp-content\/uploads\/2024\/06\/Celle_Qui_A_Confiance-768x1037.jpg 768w, https:\/\/alexandrabanti.com\/wp-content\/uploads\/2024\/06\/Celle_Qui_A_Confiance-1138x1536.jpg 1138w, https:\/\/alexandrabanti.com\/wp-content\/uploads\/2024\/06\/Celle_Qui_A_Confiance-1517x2048.jpg 1517w, https:\/\/alexandrabanti.com\/wp-content\/uploads\/2024\/06\/Celle_Qui_A_Confiance-9x12.jpg 9w, https:\/\/alexandrabanti.com\/wp-content\/uploads\/2024\/06\/Celle_Qui_A_Confiance-1320x1782.jpg 1320w, https:\/\/alexandrabanti.com\/wp-content\/uploads\/2024\/06\/Celle_Qui_A_Confiance-scaled.jpg 1897w\" sizes=\"(max-width: 759px) 100vw, 759px\" \/>\t\t\t\t\t\t\t\t\t\t\t\t\t\t\t<\/div>\n\t\t\t\t<\/div>\n\t\t\t\t<\/div>\n\t\t<div class=\"elementor-element elementor-element-b93700c e-con-full e-flex wpr-particle-no wpr-jarallax-no wpr-parallax-no wpr-sticky-section-no e-con e-child\" data-id=\"b93700c\" data-element_type=\"container\" data-e-type=\"container\">\n\t\t\t\t<div class=\"elementor-element elementor-element-26366da elementor-widget elementor-widget-image\" data-id=\"26366da\" data-element_type=\"widget\" data-e-type=\"widget\" data-widget_type=\"image.default\">\n\t\t\t\t<div class=\"elementor-widget-container\">\n\t\t\t\t\t\t\t\t\t\t\t\t\t\t\t<img loading=\"lazy\" decoding=\"async\" width=\"763\" height=\"1024\" src=\"https:\/\/alexandrabanti.com\/wp-content\/uploads\/2024\/06\/Celui_Qui_A_Confiance-763x1024.jpg\" class=\"attachment-large size-large wp-image-2462\" alt=\"\" srcset=\"https:\/\/alexandrabanti.com\/wp-content\/uploads\/2024\/06\/Celui_Qui_A_Confiance-763x1024.jpg 763w, https:\/\/alexandrabanti.com\/wp-content\/uploads\/2024\/06\/Celui_Qui_A_Confiance-scaled-600x805.jpg 600w, https:\/\/alexandrabanti.com\/wp-content\/uploads\/2024\/06\/Celui_Qui_A_Confiance-224x300.jpg 224w, https:\/\/alexandrabanti.com\/wp-content\/uploads\/2024\/06\/Celui_Qui_A_Confiance-768x1031.jpg 768w, https:\/\/alexandrabanti.com\/wp-content\/uploads\/2024\/06\/Celui_Qui_A_Confiance-1145x1536.jpg 1145w, https:\/\/alexandrabanti.com\/wp-content\/uploads\/2024\/06\/Celui_Qui_A_Confiance-1526x2048.jpg 1526w, https:\/\/alexandrabanti.com\/wp-content\/uploads\/2024\/06\/Celui_Qui_A_Confiance-9x12.jpg 9w, https:\/\/alexandrabanti.com\/wp-content\/uploads\/2024\/06\/Celui_Qui_A_Confiance-1320x1771.jpg 1320w, https:\/\/alexandrabanti.com\/wp-content\/uploads\/2024\/06\/Celui_Qui_A_Confiance-scaled.jpg 1908w\" sizes=\"(max-width: 763px) 100vw, 763px\" \/>\t\t\t\t\t\t\t\t\t\t\t\t\t\t\t<\/div>\n\t\t\t\t<\/div>\n\t\t\t\t<\/div>\n\t\t<div class=\"elementor-element elementor-element-80e5363 e-con-full e-flex wpr-particle-no wpr-jarallax-no wpr-parallax-no wpr-sticky-section-no e-con e-child\" data-id=\"80e5363\" data-element_type=\"container\" data-e-type=\"container\">\n\t\t\t\t<div class=\"elementor-element elementor-element-d9a49cf elementor-widget elementor-widget-text-editor\" data-id=\"d9a49cf\" data-element_type=\"widget\" data-e-type=\"widget\" data-widget_type=\"text-editor.default\">\n\t\t\t\t<div class=\"elementor-widget-container\">\n\t\t\t\t\t\t\t\t\t<p><span style=\"font-family: inherit; font-size: inherit; font-style: inherit; font-variant-ligatures: inherit; font-variant-caps: inherit; text-align: var(--text-align); background-color: var(--theme-palette-color-5); color: var(--theme-text-color); letter-spacing: var(--theme-letter-spacing); text-transform: var(--theme-text-transform);\"><b>Celle et celui que a confiance<\/b><\/span><\/p><p>Aucun doute, elle.il suit la Volont\u00e9 divine, s\u00fbr.e que chacun de ses actes, chacun de ses pas, chacune de ses inspirations sont inspir\u00e9es par Dieu. Elle.il sait que sa vie, quoi qu&rsquo;il arrive, n&rsquo;est qu&rsquo;exp\u00e9rience de l&rsquo;Amour Rayonnant de Dieu.<br \/><br \/>N&rsquo;est-ce pas la cl\u00e9 de la Paix ?<\/p>\t\t\t\t\t\t\t\t<\/div>\n\t\t\t\t<\/div>\n\t\t\t\t<\/div>\n\t\t\t\t\t<\/div>\n\t\t\t\t<\/div>\n\t\t\t\t<\/div>","protected":false},"excerpt":{"rendered":"<p>Les Saintes et Saints aux vitraux Cette s\u00e9rie de saintes et saints anonymes explore diff\u00e9rents \u00e9tats de connexion spirituelle, de la douce confiance aux larmes du souvenir, de la soumission \u00e0 la Volont\u00e9 divine au repentir. Nous pouvons alors nous relier \u00e0 ces \u00e9tats repr\u00e9senter, les sentir et en retirer les enseignements. (s\u00e9rie en cours) -Toutes les illustrations sont disponibles \u00e0 l&rsquo;achat en impression haute qualit\u00e9 sur papier Fine Art Hahnem\u00fchle, sign\u00e9es &#8211;Pour en savoir plus rdv sur la page d\u00e9di\u00e9e ici. Les larmes du Souvenir Lorsque le Coeur se rappelle, que la sensation de l&rsquo;Unit\u00e9 nous remplie, des larmes de lumi\u00e8re se d\u00e9versent en silence sur nos joues de chair.\u00a0 Celle qui s&rsquo;en remet \u00e0 Dieu\u00a0 S&rsquo;en remettre \u00e0 Dieu, soumettre sa personnalit\u00e9 \u00e0 l&rsquo;Intelligence divine, le souffle spirituel de vie en nous qui conna\u00eet la Volont\u00e9 divine, qui est programm\u00e9 pour r\u00e9aliser le plan divin, apporte la b\u00e9n\u00e9diction sur chacune de nos actions, exp\u00e9riences, apprentissages\u00a0 Celle et celui que a confiance Aucun doute, elle.il suit la Volont\u00e9 divine, s\u00fbr.e que chacun de ses actes, chacun de ses pas, chacune de ses inspirations sont inspir\u00e9es par Dieu. Elle.il sait que sa vie, quoi qu&rsquo;il arrive, n&rsquo;est qu&rsquo;exp\u00e9rience de l&rsquo;Amour Rayonnant de Dieu. N&rsquo;est-ce pas la cl\u00e9 de la Paix ?<\/p>","protected":false},"author":1,"featured_media":0,"parent":0,"menu_order":0,"comment_status":"closed","ping_status":"closed","template":"","meta":{"om_disable_all_campaigns":false,"_monsterinsights_skip_tracking":false,"_monsterinsights_sitenote_active":false,"_monsterinsights_sitenote_note":"","_monsterinsights_sitenote_category":0,"ngg_post_thumbnail":0,"footnotes":""},"class_list":["post-2937","page","type-page","status-publish","hentry"],"blocksy_meta":{"page_title_panel":"","has_hero_section":"disabled","f1136e7ee5b8885e31d057851f626172":"","hero_section":"type-1","hero_elements":[{"id":"custom_title","enabled":true,"heading_tag":"h1","title":"Home"},{"id":"custom_description","enabled":true,"description_visibility":{"desktop":true,"tablet":true,"mobile":false}},{"id":"custom_meta","enabled":false,"meta_elements":[{"id":"author","enabled":true,"label":"By","has_author_avatar":"yes","avatar_size":25},{"id":"post_date","enabled":true,"label":"On","date_format_source":"default","date_format":"M j, Y"},{"id":"updated_date","enabled":false,"label":"On","date_format_source":"default","date_format":"M j, Y"},{"id":"categories","enabled":false,"label":"In","style":"simple"},{"id":"comments","enabled":true}],"page_meta_elements":{"joined":true,"articles_count":true,"comments":true}},{"id":"breadcrumbs","enabled":false}],"89c9190f83e56562eb5e5bec93fd810f":"","hero_alignment1":"CT_CSS_SKIP_RULE","hero_margin":40,"hero_alignment2":"center","hero_vertical_alignment":"center","e60a8f748b9d7129196a0b8f339ee63a":"","hero_structure":"narrow","536de1502c8437cfdd16c926ab6efa22":"","page_title_bg_type":"featured_image","custom_hero_background":{"attachment_id":null},"page_title_image_size":"full","parallax":{"desktop":false,"tablet":false,"mobile":false},"69843295c40af0d47f36a027b7fec037":"","hero_height":"250px","pageTitleFont":{"family":"Default","variation":"Default","size":"30px","line-height":"CT_CSS_SKIP_RULE","letter-spacing":"CT_CSS_SKIP_RULE","text-transform":"CT_CSS_SKIP_RULE","text-decoration":"CT_CSS_SKIP_RULE"},"pageTitleFontColor":{"default":{"color":"CT_CSS_SKIP_RULEDEFAULT"}},"pageMetaFont":{"family":"Default","variation":"n6","size":"12px","line-height":"1.3","letter-spacing":"CT_CSS_SKIP_RULE","text-transform":"uppercase","text-decoration":"CT_CSS_SKIP_RULE"},"pageMetaFontColor":{"default":{"color":"CT_CSS_SKIP_RULEDEFAULT"},"hover":{"color":"CT_CSS_SKIP_RULEDEFAULT"}},"page_meta_button_type_font_colors":{"default":{"color":"CT_CSS_SKIP_RULEDEFAULT"},"hover":{"color":"CT_CSS_SKIP_RULEDEFAULT"}},"page_meta_button_type_background_colors":{"default":{"color":"CT_CSS_SKIP_RULEDEFAULT"},"hover":{"color":"CT_CSS_SKIP_RULEDEFAULT"}},"pageExcerptFont":{"family":"Default","variation":"Default","size":"CT_CSS_SKIP_RULE","line-height":"CT_CSS_SKIP_RULE","letter-spacing":"CT_CSS_SKIP_RULE","text-transform":"CT_CSS_SKIP_RULE","text-decoration":"CT_CSS_SKIP_RULE"},"pageExcerptColor":{"default":{"color":"CT_CSS_SKIP_RULEDEFAULT"}},"breadcrumbsFont":{"family":"Default","variation":"Default","size":"CT_CSS_SKIP_RULE","line-height":"CT_CSS_SKIP_RULE","letter-spacing":"CT_CSS_SKIP_RULE","text-transform":"CT_CSS_SKIP_RULE","text-decoration":"CT_CSS_SKIP_RULE"},"breadcrumbsFontColor":{"default":{"color":"CT_CSS_SKIP_RULEDEFAULT"},"initial":{"color":"CT_CSS_SKIP_RULEDEFAULT"},"hover":{"color":"CT_CSS_SKIP_RULEDEFAULT"}},"pageTitleOverlay":{"background_type":"color","background_pattern":"type-1","background_image":{"attachment_id":null,"x":0,"y":0},"gradient":"linear-gradient(135deg,rgba(6,147,227,1) 0%,rgb(155,81,224) 100%)","background_repeat":"repeat","background_size":"auto","background_attachment":"scroll","patternColor":{"default":{"color":"#e5e7ea"}},"overlayColor":{"default":{"color":"CT_CSS_SKIP_RULE"}},"backgroundColor":{"default":{"color":"CT_CSS_SKIP_RULE"}}},"pageTitleBackground":{"background_type":"color","background_pattern":"type-1","background_image":{"attachment_id":null,"x":0,"y":0},"gradient":"linear-gradient(135deg,rgba(6,147,227,1) 0%,rgb(155,81,224) 100%)","background_repeat":"repeat","background_size":"auto","background_attachment":"scroll","patternColor":{"default":{"color":"#e5e7ea"}},"overlayColor":{"default":{"color":"CT_CSS_SKIP_RULE"}},"backgroundColor":{"default":{"color":"var(--theme-palette-color-6)"}}},"pageTitlePadding":{"top":"50px","bottom":"50px","left":"auto","right":"auto","linked":true},"783c4c459d241e30313debf45f2c814b":"","page_structure_type":"default","e613dc033b4e9790284fe177d7069300":"","content_style_source":"inherit","content_style":"wide","vertical_spacing_source":"custom","content_area_spacing":"none","background":{"background_type":"color","background_pattern":"type-1","background_image":{"attachment_id":null,"x":0,"y":0},"gradient":"linear-gradient(135deg,rgba(6,147,227,1) 0%,rgb(155,81,224) 100%)","background_repeat":"repeat","background_size":"auto","background_attachment":"scroll","patternColor":{"default":{"color":"#e5e7ea"}},"overlayColor":{"default":{"color":"CT_CSS_SKIP_RULE"}},"backgroundColor":{"default":{"color":"CT_CSS_SKIP_RULE"}}},"content_background":{"background_type":"color","background_pattern":"type-1","background_image":{"attachment_id":null,"x":0,"y":0},"gradient":"linear-gradient(135deg,rgba(6,147,227,1) 0%,rgb(155,81,224) 100%)","background_repeat":"repeat","background_size":"auto","background_attachment":"scroll","patternColor":{"default":{"color":"#e5e7ea"}},"overlayColor":{"default":{"color":"CT_CSS_SKIP_RULE"}},"backgroundColor":{"default":{"color":"var(--theme-palette-color-8)"}}},"content_boxed_shadow":{"inherit":false,"blur":18,"spread":-6,"v_offset":12,"h_offset":0,"inset":false,"enable":true,"color":{"color":"rgba(34, 56, 101, 0.04)"}},"content_boxed_border":{"width":1,"style":"none","color":{"color":"rgba(44,62,80,0.2)"}},"content_boxed_radius":{"top":"3px","bottom":"3px","left":"3px","right":"3px","linked":true},"boxed_content_spacing":{"desktop":{"top":"40px","bottom":"40px","left":"40px","right":"40px","linked":true},"tablet":{"top":"35px","bottom":"35px","left":"35px","right":"35px","linked":true},"mobile":{"top":"20px","bottom":"20px","left":"20px","right":"20px","linked":true}},"78c6ea42f5c8dae61b6046a19e13a7fb":"","disable_featured_image":"no","disable_share_box":"no","disable_header":"no","disable_footer":"no","styles_descriptor":{"styles":{"desktop":"","tablet":"","mobile":""},"google_fonts":[],"version":6}},"aioseo_notices":[],"_links":{"self":[{"href":"https:\/\/alexandrabanti.com\/en\/wp-json\/wp\/v2\/pages\/2937","targetHints":{"allow":["GET"]}}],"collection":[{"href":"https:\/\/alexandrabanti.com\/en\/wp-json\/wp\/v2\/pages"}],"about":[{"href":"https:\/\/alexandrabanti.com\/en\/wp-json\/wp\/v2\/types\/page"}],"author":[{"embeddable":true,"href":"https:\/\/alexandrabanti.com\/en\/wp-json\/wp\/v2\/users\/1"}],"replies":[{"embeddable":true,"href":"https:\/\/alexandrabanti.com\/en\/wp-json\/wp\/v2\/comments?post=2937"}],"version-history":[{"count":16,"href":"https:\/\/alexandrabanti.com\/en\/wp-json\/wp\/v2\/pages\/2937\/revisions"}],"predecessor-version":[{"id":2973,"href":"https:\/\/alexandrabanti.com\/en\/wp-json\/wp\/v2\/pages\/2937\/revisions\/2973"}],"wp:attachment":[{"href":"https:\/\/alexandrabanti.com\/en\/wp-json\/wp\/v2\/media?parent=2937"}],"curies":[{"name":"wp","href":"https:\/\/api.w.org\/{rel}","templated":true}]}}