{"id":2954,"date":"2025-05-20T10:15:53","date_gmt":"2025-05-20T08:15:53","guid":{"rendered":"https:\/\/alexandrabanti.com\/?page_id=2954"},"modified":"2025-05-20T15:05:05","modified_gmt":"2025-05-20T13:05:05","slug":"divers","status":"publish","type":"page","link":"https:\/\/alexandrabanti.com\/en\/divers\/","title":{"rendered":"Divers"},"content":{"rendered":"<div data-elementor-type=\"wp-page\" data-elementor-id=\"2954\" class=\"elementor elementor-2954\">\n\t\t\t\t<div class=\"elementor-element elementor-element-884329e e-flex e-con-boxed wpr-particle-no wpr-jarallax-no wpr-parallax-no wpr-sticky-section-no e-con e-parent\" data-id=\"884329e\" data-element_type=\"container\" data-e-type=\"container\" data-settings=\"{&quot;background_background&quot;:&quot;classic&quot;}\">\n\t\t\t\t\t<div class=\"e-con-inner\">\n\t\t\t\t<div class=\"elementor-element elementor-element-5363d1b elementor-widget elementor-widget-shortcode\" data-id=\"5363d1b\" data-element_type=\"widget\" data-e-type=\"widget\" data-widget_type=\"shortcode.default\">\n\t\t\t\t<div class=\"elementor-widget-container\">\n\t\t\t\t\t\t\t<div class=\"elementor-shortcode\"><\/div>\n\t\t\t\t\t\t<\/div>\n\t\t\t\t<\/div>\n\t\t\t\t<div class=\"elementor-element elementor-element-c3beb17 elementor-widget elementor-widget-heading\" data-id=\"c3beb17\" data-element_type=\"widget\" data-e-type=\"widget\" data-widget_type=\"heading.default\">\n\t\t\t\t<div class=\"elementor-widget-container\">\n\t\t\t\t\t<h1 class=\"elementor-heading-title elementor-size-default\">Divers<\/h1>\t\t\t\t<\/div>\n\t\t\t\t<\/div>\n\t\t\t\t\t<\/div>\n\t\t\t\t<\/div>\n\t\t<div class=\"elementor-element elementor-element-19ad396 e-flex e-con-boxed wpr-particle-no wpr-jarallax-no wpr-parallax-no wpr-sticky-section-no e-con e-parent\" data-id=\"19ad396\" data-element_type=\"container\" data-e-type=\"container\">\n\t\t\t\t\t<div class=\"e-con-inner\">\n\t\t\t\t<div class=\"elementor-element elementor-element-6c43594 elementor-widget elementor-widget-text-editor\" data-id=\"6c43594\" data-element_type=\"widget\" data-e-type=\"widget\" data-widget_type=\"text-editor.default\">\n\t\t\t\t<div class=\"elementor-widget-container\">\n\t\t\t\t\t\t\t\t\t<p>Toutes les illustrations sont disponibles \u00e0 l&rsquo;achat en impression haute qualit\u00e9 sur papier Fine Art Hahnem\u00fchle, sign\u00e9es<br \/>Prix selon la taille d\u00e9sir\u00e9e. <br \/><a href=\"https:\/\/alexandrabanti.com\/commande-tirage\/\">Pour en savoir plus rdv sur la page d\u00e9di\u00e9e ici.<\/a><\/p>\t\t\t\t\t\t\t\t<\/div>\n\t\t\t\t<\/div>\n\t\t\t\t\t<\/div>\n\t\t\t\t<\/div>\n\t\t<div class=\"elementor-element elementor-element-1cb1631 e-flex e-con-boxed wpr-particle-no wpr-jarallax-no wpr-parallax-no wpr-sticky-section-no e-con e-parent\" data-id=\"1cb1631\" data-element_type=\"container\" data-e-type=\"container\">\n\t\t\t\t\t<div class=\"e-con-inner\">\n\t\t\t\t<div class=\"elementor-element elementor-element-22c3278 gallery-spacing-custom ct-gallery elementor-widget elementor-widget-image-gallery\" data-id=\"22c3278\" data-element_type=\"widget\" data-e-type=\"widget\" data-widget_type=\"image-gallery.default\">\n\t\t\t\t<div class=\"elementor-widget-container\">\n\t\t\t\t\t\t\t<div class=\"elementor-image-gallery\">\n\t\t\t<div id='gallery-1' class='gallery galleryid-2954 gallery-columns-3 gallery-size-large'><figure class='gallery-item'>\n\t\t\t<div class='gallery-icon portrait'>\n\t\t\t\t<a data-elementor-open-lightbox=\"yes\" data-elementor-lightbox-slideshow=\"22c3278\" data-e-action-hash=\"#elementor-action%3Aaction%3Dlightbox%26settings%3DeyJpZCI6Mjk2MSwidXJsIjoiaHR0cHM6XC9cL2FsZXhhbmRyYWJhbnRpLmNvbVwvd3AtY29udGVudFwvdXBsb2Fkc1wvMjAyNVwvMDVcL0ZsZXVyX0Fwb2NhbHlwc2UtMS1zY2FsZWQuanBnIiwic2xpZGVzaG93IjoiMjJjMzI3OCJ9\" href='https:\/\/alexandrabanti.com\/wp-content\/uploads\/2025\/05\/Fleur_Apocalypse-1-scaled.jpg'><img fetchpriority=\"high\" decoding=\"async\" width=\"724\" height=\"1024\" src=\"https:\/\/alexandrabanti.com\/wp-content\/uploads\/2025\/05\/Fleur_Apocalypse-1-724x1024.jpg\" class=\"attachment-large size-large\" alt=\"\" srcset=\"https:\/\/alexandrabanti.com\/wp-content\/uploads\/2025\/05\/Fleur_Apocalypse-1-724x1024.jpg 724w, https:\/\/alexandrabanti.com\/wp-content\/uploads\/2025\/05\/Fleur_Apocalypse-1-212x300.jpg 212w, https:\/\/alexandrabanti.com\/wp-content\/uploads\/2025\/05\/Fleur_Apocalypse-1-768x1086.jpg 768w, https:\/\/alexandrabanti.com\/wp-content\/uploads\/2025\/05\/Fleur_Apocalypse-1-1086x1536.jpg 1086w, https:\/\/alexandrabanti.com\/wp-content\/uploads\/2025\/05\/Fleur_Apocalypse-1-1448x2048.jpg 1448w, https:\/\/alexandrabanti.com\/wp-content\/uploads\/2025\/05\/Fleur_Apocalypse-1-8x12.jpg 8w, https:\/\/alexandrabanti.com\/wp-content\/uploads\/2025\/05\/Fleur_Apocalypse-1-600x849.jpg 600w, https:\/\/alexandrabanti.com\/wp-content\/uploads\/2025\/05\/Fleur_Apocalypse-1-scaled.jpg 1810w\" sizes=\"(max-width: 724px) 100vw, 724px\" \/><\/a>\n\t\t\t<\/div><\/figure><figure class='gallery-item'>\n\t\t\t<div class='gallery-icon portrait'>\n\t\t\t\t<a data-elementor-open-lightbox=\"yes\" data-elementor-lightbox-slideshow=\"22c3278\" data-e-action-hash=\"#elementor-action%3Aaction%3Dlightbox%26settings%3DeyJpZCI6MTY2NywidXJsIjoiaHR0cHM6XC9cL2FsZXhhbmRyYWJhbnRpLmNvbVwvd3AtY29udGVudFwvdXBsb2Fkc1wvMjAyNFwvMDJcL0R1YV8tc2NhbGVkLmpwZyIsInNsaWRlc2hvdyI6IjIyYzMyNzgifQ%3D%3D\" href='https:\/\/alexandrabanti.com\/wp-content\/uploads\/2024\/02\/Dua_-scaled.jpg'><img decoding=\"async\" width=\"724\" height=\"1024\" src=\"https:\/\/alexandrabanti.com\/wp-content\/uploads\/2024\/02\/Dua_-724x1024.jpg\" class=\"attachment-large size-large\" alt=\"\" srcset=\"https:\/\/alexandrabanti.com\/wp-content\/uploads\/2024\/02\/Dua_-724x1024.jpg 724w, https:\/\/alexandrabanti.com\/wp-content\/uploads\/2024\/02\/Dua_-scaled-600x849.jpg 600w, https:\/\/alexandrabanti.com\/wp-content\/uploads\/2024\/02\/Dua_-212x300.jpg 212w, https:\/\/alexandrabanti.com\/wp-content\/uploads\/2024\/02\/Dua_-768x1086.jpg 768w, https:\/\/alexandrabanti.com\/wp-content\/uploads\/2024\/02\/Dua_-1086x1536.jpg 1086w, https:\/\/alexandrabanti.com\/wp-content\/uploads\/2024\/02\/Dua_-1448x2048.jpg 1448w, https:\/\/alexandrabanti.com\/wp-content\/uploads\/2024\/02\/Dua_-scaled.jpg 1810w\" sizes=\"(max-width: 724px) 100vw, 724px\" \/><\/a>\n\t\t\t<\/div><\/figure><figure class='gallery-item'>\n\t\t\t<div class='gallery-icon portrait'>\n\t\t\t\t<a data-elementor-open-lightbox=\"yes\" data-elementor-lightbox-slideshow=\"22c3278\" data-e-action-hash=\"#elementor-action%3Aaction%3Dlightbox%26settings%3DeyJpZCI6MTY1MSwidXJsIjoiaHR0cHM6XC9cL2FsZXhhbmRyYWJhbnRpLmNvbVwvd3AtY29udGVudFwvdXBsb2Fkc1wvMjAyNFwvMDJcL01hcmllX01hZGVsZWluZS0xLXNjYWxlZC5qcGciLCJzbGlkZXNob3ciOiIyMmMzMjc4In0%3D\" href='https:\/\/alexandrabanti.com\/wp-content\/uploads\/2024\/02\/Marie_Madeleine-1-scaled.jpg'><img decoding=\"async\" width=\"724\" height=\"1024\" src=\"https:\/\/alexandrabanti.com\/wp-content\/uploads\/2024\/02\/Marie_Madeleine-1-724x1024.jpg\" class=\"attachment-large size-large\" alt=\"\" srcset=\"https:\/\/alexandrabanti.com\/wp-content\/uploads\/2024\/02\/Marie_Madeleine-1-724x1024.jpg 724w, https:\/\/alexandrabanti.com\/wp-content\/uploads\/2024\/02\/Marie_Madeleine-1-scaled-600x849.jpg 600w, https:\/\/alexandrabanti.com\/wp-content\/uploads\/2024\/02\/Marie_Madeleine-1-212x300.jpg 212w, https:\/\/alexandrabanti.com\/wp-content\/uploads\/2024\/02\/Marie_Madeleine-1-768x1086.jpg 768w, https:\/\/alexandrabanti.com\/wp-content\/uploads\/2024\/02\/Marie_Madeleine-1-1086x1536.jpg 1086w, https:\/\/alexandrabanti.com\/wp-content\/uploads\/2024\/02\/Marie_Madeleine-1-1448x2048.jpg 1448w, https:\/\/alexandrabanti.com\/wp-content\/uploads\/2024\/02\/Marie_Madeleine-1-scaled.jpg 1810w\" sizes=\"(max-width: 724px) 100vw, 724px\" \/><\/a>\n\t\t\t<\/div><\/figure><figure class='gallery-item'>\n\t\t\t<div class='gallery-icon portrait'>\n\t\t\t\t<a data-elementor-open-lightbox=\"yes\" data-elementor-lightbox-slideshow=\"22c3278\" data-e-action-hash=\"#elementor-action%3Aaction%3Dlightbox%26settings%3DeyJpZCI6MTY1MCwidXJsIjoiaHR0cHM6XC9cL2FsZXhhbmRyYWJhbnRpLmNvbVwvd3AtY29udGVudFwvdXBsb2Fkc1wvMjAyNFwvMDJcL0xlX1NhbmN0dWFpcmUtc2NhbGVkLmpwZyIsInNsaWRlc2hvdyI6IjIyYzMyNzgifQ%3D%3D\" href='https:\/\/alexandrabanti.com\/wp-content\/uploads\/2024\/02\/Le_Sanctuaire-scaled.jpg'><img loading=\"lazy\" decoding=\"async\" width=\"724\" height=\"1024\" src=\"https:\/\/alexandrabanti.com\/wp-content\/uploads\/2024\/02\/Le_Sanctuaire-724x1024.jpg\" class=\"attachment-large size-large\" alt=\"\" srcset=\"https:\/\/alexandrabanti.com\/wp-content\/uploads\/2024\/02\/Le_Sanctuaire-724x1024.jpg 724w, https:\/\/alexandrabanti.com\/wp-content\/uploads\/2024\/02\/Le_Sanctuaire-scaled-600x849.jpg 600w, https:\/\/alexandrabanti.com\/wp-content\/uploads\/2024\/02\/Le_Sanctuaire-212x300.jpg 212w, https:\/\/alexandrabanti.com\/wp-content\/uploads\/2024\/02\/Le_Sanctuaire-768x1086.jpg 768w, https:\/\/alexandrabanti.com\/wp-content\/uploads\/2024\/02\/Le_Sanctuaire-1086x1536.jpg 1086w, https:\/\/alexandrabanti.com\/wp-content\/uploads\/2024\/02\/Le_Sanctuaire-1448x2048.jpg 1448w, https:\/\/alexandrabanti.com\/wp-content\/uploads\/2024\/02\/Le_Sanctuaire-scaled.jpg 1810w\" sizes=\"(max-width: 724px) 100vw, 724px\" \/><\/a>\n\t\t\t<\/div><\/figure><figure class='gallery-item'>\n\t\t\t<div class='gallery-icon portrait'>\n\t\t\t\t<a data-elementor-open-lightbox=\"yes\" data-elementor-lightbox-slideshow=\"22c3278\" data-e-action-hash=\"#elementor-action%3Aaction%3Dlightbox%26settings%3DeyJpZCI6MTY2OSwidXJsIjoiaHR0cHM6XC9cL2FsZXhhbmRyYWJhbnRpLmNvbVwvd3AtY29udGVudFwvdXBsb2Fkc1wvMjAyNFwvMDJcL0xhX1ZvaWVfRHVfUGFyZnVtLXNjYWxlZC5qcGciLCJzbGlkZXNob3ciOiIyMmMzMjc4In0%3D\" href='https:\/\/alexandrabanti.com\/wp-content\/uploads\/2024\/02\/La_Voie_Du_Parfum-scaled.jpg'><img loading=\"lazy\" decoding=\"async\" width=\"724\" height=\"1024\" src=\"https:\/\/alexandrabanti.com\/wp-content\/uploads\/2024\/02\/La_Voie_Du_Parfum-724x1024.jpg\" class=\"attachment-large size-large\" alt=\"\" srcset=\"https:\/\/alexandrabanti.com\/wp-content\/uploads\/2024\/02\/La_Voie_Du_Parfum-724x1024.jpg 724w, https:\/\/alexandrabanti.com\/wp-content\/uploads\/2024\/02\/La_Voie_Du_Parfum-scaled-600x849.jpg 600w, https:\/\/alexandrabanti.com\/wp-content\/uploads\/2024\/02\/La_Voie_Du_Parfum-212x300.jpg 212w, https:\/\/alexandrabanti.com\/wp-content\/uploads\/2024\/02\/La_Voie_Du_Parfum-768x1086.jpg 768w, https:\/\/alexandrabanti.com\/wp-content\/uploads\/2024\/02\/La_Voie_Du_Parfum-1086x1536.jpg 1086w, https:\/\/alexandrabanti.com\/wp-content\/uploads\/2024\/02\/La_Voie_Du_Parfum-1448x2048.jpg 1448w, https:\/\/alexandrabanti.com\/wp-content\/uploads\/2024\/02\/La_Voie_Du_Parfum-scaled.jpg 1810w\" sizes=\"(max-width: 724px) 100vw, 724px\" \/><\/a>\n\t\t\t<\/div><\/figure><figure class='gallery-item'>\n\t\t\t<div class='gallery-icon portrait'>\n\t\t\t\t<a data-elementor-open-lightbox=\"yes\" data-elementor-lightbox-slideshow=\"22c3278\" data-e-action-hash=\"#elementor-action%3Aaction%3Dlightbox%26settings%3DeyJpZCI6MTY3MCwidXJsIjoiaHR0cHM6XC9cL2FsZXhhbmRyYWJhbnRpLmNvbVwvd3AtY29udGVudFwvdXBsb2Fkc1wvMjAyNFwvMDJcL01hX0RlZXNzZV8tc2NhbGVkLmpwZyIsInNsaWRlc2hvdyI6IjIyYzMyNzgifQ%3D%3D\" href='https:\/\/alexandrabanti.com\/wp-content\/uploads\/2024\/02\/Ma_Deesse_-scaled.jpg'><img loading=\"lazy\" decoding=\"async\" width=\"683\" height=\"1024\" src=\"https:\/\/alexandrabanti.com\/wp-content\/uploads\/2024\/02\/Ma_Deesse_-683x1024.jpg\" class=\"attachment-large size-large\" alt=\"\" srcset=\"https:\/\/alexandrabanti.com\/wp-content\/uploads\/2024\/02\/Ma_Deesse_-683x1024.jpg 683w, https:\/\/alexandrabanti.com\/wp-content\/uploads\/2024\/02\/Ma_Deesse_-scaled-600x900.jpg 600w, https:\/\/alexandrabanti.com\/wp-content\/uploads\/2024\/02\/Ma_Deesse_-200x300.jpg 200w, https:\/\/alexandrabanti.com\/wp-content\/uploads\/2024\/02\/Ma_Deesse_-768x1152.jpg 768w, https:\/\/alexandrabanti.com\/wp-content\/uploads\/2024\/02\/Ma_Deesse_-1024x1536.jpg 1024w, https:\/\/alexandrabanti.com\/wp-content\/uploads\/2024\/02\/Ma_Deesse_-1365x2048.jpg 1365w, https:\/\/alexandrabanti.com\/wp-content\/uploads\/2024\/02\/Ma_Deesse_-scaled.jpg 1706w\" sizes=\"(max-width: 683px) 100vw, 683px\" \/><\/a>\n\t\t\t<\/div><\/figure><figure class='gallery-item'>\n\t\t\t<div class='gallery-icon portrait'>\n\t\t\t\t<a data-elementor-open-lightbox=\"yes\" data-elementor-lightbox-slideshow=\"22c3278\" data-e-action-hash=\"#elementor-action%3Aaction%3Dlightbox%26settings%3DeyJpZCI6MTY3MSwidXJsIjoiaHR0cHM6XC9cL2FsZXhhbmRyYWJhbnRpLmNvbVwvd3AtY29udGVudFwvdXBsb2Fkc1wvMjAyNFwvMDJcL01hZG9uZV9FdF9FbmZhbnQtc2NhbGVkLmpwZyIsInNsaWRlc2hvdyI6IjIyYzMyNzgifQ%3D%3D\" href='https:\/\/alexandrabanti.com\/wp-content\/uploads\/2024\/02\/Madone_Et_Enfant-scaled.jpg'><img loading=\"lazy\" decoding=\"async\" width=\"724\" height=\"1024\" src=\"https:\/\/alexandrabanti.com\/wp-content\/uploads\/2024\/02\/Madone_Et_Enfant-724x1024.jpg\" class=\"attachment-large size-large\" alt=\"\" srcset=\"https:\/\/alexandrabanti.com\/wp-content\/uploads\/2024\/02\/Madone_Et_Enfant-724x1024.jpg 724w, https:\/\/alexandrabanti.com\/wp-content\/uploads\/2024\/02\/Madone_Et_Enfant-scaled-600x849.jpg 600w, https:\/\/alexandrabanti.com\/wp-content\/uploads\/2024\/02\/Madone_Et_Enfant-212x300.jpg 212w, https:\/\/alexandrabanti.com\/wp-content\/uploads\/2024\/02\/Madone_Et_Enfant-768x1086.jpg 768w, https:\/\/alexandrabanti.com\/wp-content\/uploads\/2024\/02\/Madone_Et_Enfant-1086x1536.jpg 1086w, https:\/\/alexandrabanti.com\/wp-content\/uploads\/2024\/02\/Madone_Et_Enfant-1448x2048.jpg 1448w, https:\/\/alexandrabanti.com\/wp-content\/uploads\/2024\/02\/Madone_Et_Enfant-scaled.jpg 1810w\" sizes=\"(max-width: 724px) 100vw, 724px\" \/><\/a>\n\t\t\t<\/div><\/figure><figure class='gallery-item'>\n\t\t\t<div class='gallery-icon landscape'>\n\t\t\t\t<a data-elementor-open-lightbox=\"yes\" data-elementor-lightbox-slideshow=\"22c3278\" data-e-action-hash=\"#elementor-action%3Aaction%3Dlightbox%26settings%3DeyJpZCI6MTY3MiwidXJsIjoiaHR0cHM6XC9cL2FsZXhhbmRyYWJhbnRpLmNvbVwvd3AtY29udGVudFwvdXBsb2Fkc1wvMjAyNFwvMDJcL01lcmVfRGl2aW5lLmpwZyIsInNsaWRlc2hvdyI6IjIyYzMyNzgifQ%3D%3D\" href='https:\/\/alexandrabanti.com\/wp-content\/uploads\/2024\/02\/Mere_Divine.jpg'><img loading=\"lazy\" decoding=\"async\" width=\"1024\" height=\"1024\" src=\"https:\/\/alexandrabanti.com\/wp-content\/uploads\/2024\/02\/Mere_Divine-1024x1024.jpg\" class=\"attachment-large size-large\" alt=\"\" srcset=\"https:\/\/alexandrabanti.com\/wp-content\/uploads\/2024\/02\/Mere_Divine-1024x1024.jpg 1024w, https:\/\/alexandrabanti.com\/wp-content\/uploads\/2024\/02\/Mere_Divine-300x300.jpg 300w, https:\/\/alexandrabanti.com\/wp-content\/uploads\/2024\/02\/Mere_Divine-100x100.jpg 100w, https:\/\/alexandrabanti.com\/wp-content\/uploads\/2024\/02\/Mere_Divine-600x600.jpg 600w, https:\/\/alexandrabanti.com\/wp-content\/uploads\/2024\/02\/Mere_Divine-500x500.jpg 500w, https:\/\/alexandrabanti.com\/wp-content\/uploads\/2024\/02\/Mere_Divine-150x150.jpg 150w, https:\/\/alexandrabanti.com\/wp-content\/uploads\/2024\/02\/Mere_Divine-768x768.jpg 768w, https:\/\/alexandrabanti.com\/wp-content\/uploads\/2024\/02\/Mere_Divine-1536x1536.jpg 1536w, https:\/\/alexandrabanti.com\/wp-content\/uploads\/2024\/02\/Mere_Divine.jpg 1963w\" sizes=\"(max-width: 1024px) 100vw, 1024px\" \/><\/a>\n\t\t\t<\/div><\/figure><figure class='gallery-item'>\n\t\t\t<div class='gallery-icon landscape'>\n\t\t\t\t<a data-elementor-open-lightbox=\"yes\" data-elementor-lightbox-slideshow=\"22c3278\" data-e-action-hash=\"#elementor-action%3Aaction%3Dlightbox%26settings%3DeyJpZCI6MTY3MywidXJsIjoiaHR0cHM6XC9cL2FsZXhhbmRyYWJhbnRpLmNvbVwvd3AtY29udGVudFwvdXBsb2Fkc1wvMjAyNFwvMDJcL01FUkVfVEVSUkUuanBnIiwic2xpZGVzaG93IjoiMjJjMzI3OCJ9\" href='https:\/\/alexandrabanti.com\/wp-content\/uploads\/2024\/02\/MERE_TERRE.jpg'><img loading=\"lazy\" decoding=\"async\" width=\"1024\" height=\"1024\" src=\"https:\/\/alexandrabanti.com\/wp-content\/uploads\/2024\/02\/MERE_TERRE-1024x1024.jpg\" class=\"attachment-large size-large\" alt=\"\" srcset=\"https:\/\/alexandrabanti.com\/wp-content\/uploads\/2024\/02\/MERE_TERRE-1024x1024.jpg 1024w, https:\/\/alexandrabanti.com\/wp-content\/uploads\/2024\/02\/MERE_TERRE-300x300.jpg 300w, https:\/\/alexandrabanti.com\/wp-content\/uploads\/2024\/02\/MERE_TERRE-100x100.jpg 100w, https:\/\/alexandrabanti.com\/wp-content\/uploads\/2024\/02\/MERE_TERRE-600x600.jpg 600w, https:\/\/alexandrabanti.com\/wp-content\/uploads\/2024\/02\/MERE_TERRE-500x500.jpg 500w, https:\/\/alexandrabanti.com\/wp-content\/uploads\/2024\/02\/MERE_TERRE-150x150.jpg 150w, https:\/\/alexandrabanti.com\/wp-content\/uploads\/2024\/02\/MERE_TERRE-768x768.jpg 768w, https:\/\/alexandrabanti.com\/wp-content\/uploads\/2024\/02\/MERE_TERRE-1536x1536.jpg 1536w, https:\/\/alexandrabanti.com\/wp-content\/uploads\/2024\/02\/MERE_TERRE.jpg 2048w\" sizes=\"(max-width: 1024px) 100vw, 1024px\" \/><\/a>\n\t\t\t<\/div><\/figure><figure class='gallery-item'>\n\t\t\t<div class='gallery-icon landscape'>\n\t\t\t\t<a data-elementor-open-lightbox=\"yes\" data-elementor-lightbox-slideshow=\"22c3278\" data-e-action-hash=\"#elementor-action%3Aaction%3Dlightbox%26settings%3DeyJpZCI6MTY3NCwidXJsIjoiaHR0cHM6XC9cL2FsZXhhbmRyYWJhbnRpLmNvbVwvd3AtY29udGVudFwvdXBsb2Fkc1wvMjAyNFwvMDJcL1ByZXRyZXNzZV9JbnRyYXRlcnJlLmpwZyIsInNsaWRlc2hvdyI6IjIyYzMyNzgifQ%3D%3D\" href='https:\/\/alexandrabanti.com\/wp-content\/uploads\/2024\/02\/Pretresse_Intraterre.jpg'><img loading=\"lazy\" decoding=\"async\" width=\"1024\" height=\"1024\" src=\"https:\/\/alexandrabanti.com\/wp-content\/uploads\/2024\/02\/Pretresse_Intraterre-1024x1024.jpg\" class=\"attachment-large size-large\" alt=\"\" srcset=\"https:\/\/alexandrabanti.com\/wp-content\/uploads\/2024\/02\/Pretresse_Intraterre-1024x1024.jpg 1024w, https:\/\/alexandrabanti.com\/wp-content\/uploads\/2024\/02\/Pretresse_Intraterre-300x300.jpg 300w, https:\/\/alexandrabanti.com\/wp-content\/uploads\/2024\/02\/Pretresse_Intraterre-100x100.jpg 100w, https:\/\/alexandrabanti.com\/wp-content\/uploads\/2024\/02\/Pretresse_Intraterre-600x600.jpg 600w, https:\/\/alexandrabanti.com\/wp-content\/uploads\/2024\/02\/Pretresse_Intraterre-500x500.jpg 500w, https:\/\/alexandrabanti.com\/wp-content\/uploads\/2024\/02\/Pretresse_Intraterre-150x150.jpg 150w, https:\/\/alexandrabanti.com\/wp-content\/uploads\/2024\/02\/Pretresse_Intraterre-768x768.jpg 768w, https:\/\/alexandrabanti.com\/wp-content\/uploads\/2024\/02\/Pretresse_Intraterre-1536x1536.jpg 1536w, https:\/\/alexandrabanti.com\/wp-content\/uploads\/2024\/02\/Pretresse_Intraterre.jpg 2048w\" sizes=\"(max-width: 1024px) 100vw, 1024px\" \/><\/a>\n\t\t\t<\/div><\/figure><figure class='gallery-item'>\n\t\t\t<div class='gallery-icon portrait'>\n\t\t\t\t<a data-elementor-open-lightbox=\"yes\" data-elementor-lightbox-slideshow=\"22c3278\" data-e-action-hash=\"#elementor-action%3Aaction%3Dlightbox%26settings%3DeyJpZCI6MTY3NSwidXJsIjoiaHR0cHM6XC9cL2FsZXhhbmRyYWJhbnRpLmNvbVwvd3AtY29udGVudFwvdXBsb2Fkc1wvMjAyNFwvMDJcL1B1cmlmaWNhdGlvbl9FYXUtc2NhbGVkLmpwZyIsInNsaWRlc2hvdyI6IjIyYzMyNzgifQ%3D%3D\" href='https:\/\/alexandrabanti.com\/wp-content\/uploads\/2024\/02\/Purification_Eau-scaled.jpg'><img loading=\"lazy\" decoding=\"async\" width=\"724\" height=\"1024\" src=\"https:\/\/alexandrabanti.com\/wp-content\/uploads\/2024\/02\/Purification_Eau-724x1024.jpg\" class=\"attachment-large size-large\" alt=\"\" srcset=\"https:\/\/alexandrabanti.com\/wp-content\/uploads\/2024\/02\/Purification_Eau-724x1024.jpg 724w, https:\/\/alexandrabanti.com\/wp-content\/uploads\/2024\/02\/Purification_Eau-scaled-600x849.jpg 600w, https:\/\/alexandrabanti.com\/wp-content\/uploads\/2024\/02\/Purification_Eau-212x300.jpg 212w, https:\/\/alexandrabanti.com\/wp-content\/uploads\/2024\/02\/Purification_Eau-768x1086.jpg 768w, https:\/\/alexandrabanti.com\/wp-content\/uploads\/2024\/02\/Purification_Eau-1086x1536.jpg 1086w, https:\/\/alexandrabanti.com\/wp-content\/uploads\/2024\/02\/Purification_Eau-1448x2048.jpg 1448w, https:\/\/alexandrabanti.com\/wp-content\/uploads\/2024\/02\/Purification_Eau-scaled.jpg 1810w\" sizes=\"(max-width: 724px) 100vw, 724px\" \/><\/a>\n\t\t\t<\/div><\/figure>\n\t\t<\/div>\n\t\t<\/div>\n\t\t\t\t\t\t<\/div>\n\t\t\t\t<\/div>\n\t\t\t\t\t<\/div>\n\t\t\t\t<\/div>\n\t\t\t\t<\/div>","protected":false},"excerpt":{"rendered":"<p>Divers Toutes les illustrations sont disponibles \u00e0 l&rsquo;achat en impression haute qualit\u00e9 sur papier Fine Art Hahnem\u00fchle, sign\u00e9esPrix selon la taille d\u00e9sir\u00e9e. Pour en savoir plus rdv sur la page d\u00e9di\u00e9e ici.<\/p>","protected":false},"author":1,"featured_media":0,"parent":0,"menu_order":0,"comment_status":"closed","ping_status":"closed","template":"","meta":{"om_disable_all_campaigns":false,"_monsterinsights_skip_tracking":false,"_monsterinsights_sitenote_active":false,"_monsterinsights_sitenote_note":"","_monsterinsights_sitenote_category":0,"ngg_post_thumbnail":0,"footnotes":""},"class_list":["post-2954","page","type-page","status-publish","hentry"],"blocksy_meta":{"page_title_panel":"","has_hero_section":"disabled","f1136e7ee5b8885e31d057851f626172":"","hero_section":"type-1","hero_elements":[{"id":"custom_title","enabled":true,"heading_tag":"h1","title":"Home"},{"id":"custom_description","enabled":true,"description_visibility":{"desktop":true,"tablet":true,"mobile":false}},{"id":"custom_meta","enabled":false,"meta_elements":[{"id":"author","enabled":true,"label":"By","has_author_avatar":"yes","avatar_size":25},{"id":"post_date","enabled":true,"label":"On","date_format_source":"default","date_format":"M j, Y"},{"id":"updated_date","enabled":false,"label":"On","date_format_source":"default","date_format":"M j, Y"},{"id":"categories","enabled":false,"label":"In","style":"simple"},{"id":"comments","enabled":true}],"page_meta_elements":{"joined":true,"articles_count":true,"comments":true}},{"id":"breadcrumbs","enabled":false}],"89c9190f83e56562eb5e5bec93fd810f":"","hero_alignment1":"CT_CSS_SKIP_RULE","hero_margin":40,"hero_alignment2":"center","hero_vertical_alignment":"center","e60a8f748b9d7129196a0b8f339ee63a":"","hero_structure":"narrow","536de1502c8437cfdd16c926ab6efa22":"","page_title_bg_type":"featured_image","custom_hero_background":{"attachment_id":null},"page_title_image_size":"full","parallax":{"desktop":false,"tablet":false,"mobile":false},"69843295c40af0d47f36a027b7fec037":"","hero_height":"250px","pageTitleFont":{"family":"Default","variation":"Default","size":"30px","line-height":"CT_CSS_SKIP_RULE","letter-spacing":"CT_CSS_SKIP_RULE","text-transform":"CT_CSS_SKIP_RULE","text-decoration":"CT_CSS_SKIP_RULE"},"pageTitleFontColor":{"default":{"color":"CT_CSS_SKIP_RULEDEFAULT"}},"pageMetaFont":{"family":"Default","variation":"n6","size":"12px","line-height":"1.3","letter-spacing":"CT_CSS_SKIP_RULE","text-transform":"uppercase","text-decoration":"CT_CSS_SKIP_RULE"},"pageMetaFontColor":{"default":{"color":"CT_CSS_SKIP_RULEDEFAULT"},"hover":{"color":"CT_CSS_SKIP_RULEDEFAULT"}},"page_meta_button_type_font_colors":{"default":{"color":"CT_CSS_SKIP_RULEDEFAULT"},"hover":{"color":"CT_CSS_SKIP_RULEDEFAULT"}},"page_meta_button_type_background_colors":{"default":{"color":"CT_CSS_SKIP_RULEDEFAULT"},"hover":{"color":"CT_CSS_SKIP_RULEDEFAULT"}},"pageExcerptFont":{"family":"Default","variation":"Default","size":"CT_CSS_SKIP_RULE","line-height":"CT_CSS_SKIP_RULE","letter-spacing":"CT_CSS_SKIP_RULE","text-transform":"CT_CSS_SKIP_RULE","text-decoration":"CT_CSS_SKIP_RULE"},"pageExcerptColor":{"default":{"color":"CT_CSS_SKIP_RULEDEFAULT"}},"breadcrumbsFont":{"family":"Default","variation":"Default","size":"CT_CSS_SKIP_RULE","line-height":"CT_CSS_SKIP_RULE","letter-spacing":"CT_CSS_SKIP_RULE","text-transform":"CT_CSS_SKIP_RULE","text-decoration":"CT_CSS_SKIP_RULE"},"breadcrumbsFontColor":{"default":{"color":"CT_CSS_SKIP_RULEDEFAULT"},"initial":{"color":"CT_CSS_SKIP_RULEDEFAULT"},"hover":{"color":"CT_CSS_SKIP_RULEDEFAULT"}},"pageTitleOverlay":{"background_type":"color","background_pattern":"type-1","background_image":{"attachment_id":null,"x":0,"y":0},"gradient":"linear-gradient(135deg,rgba(6,147,227,1) 0%,rgb(155,81,224) 100%)","background_repeat":"repeat","background_size":"auto","background_attachment":"scroll","patternColor":{"default":{"color":"#e5e7ea"}},"overlayColor":{"default":{"color":"CT_CSS_SKIP_RULE"}},"backgroundColor":{"default":{"color":"CT_CSS_SKIP_RULE"}}},"pageTitleBackground":{"background_type":"color","background_pattern":"type-1","background_image":{"attachment_id":null,"x":0,"y":0},"gradient":"linear-gradient(135deg,rgba(6,147,227,1) 0%,rgb(155,81,224) 100%)","background_repeat":"repeat","background_size":"auto","background_attachment":"scroll","patternColor":{"default":{"color":"#e5e7ea"}},"overlayColor":{"default":{"color":"CT_CSS_SKIP_RULE"}},"backgroundColor":{"default":{"color":"var(--theme-palette-color-6)"}}},"pageTitlePadding":{"top":"50px","bottom":"50px","left":"auto","right":"auto","linked":true},"783c4c459d241e30313debf45f2c814b":"","page_structure_type":"default","e613dc033b4e9790284fe177d7069300":"","content_style_source":"inherit","content_style":"wide","vertical_spacing_source":"custom","content_area_spacing":"none","background":{"background_type":"color","background_pattern":"type-1","background_image":{"attachment_id":null,"x":0,"y":0},"gradient":"linear-gradient(135deg,rgba(6,147,227,1) 0%,rgb(155,81,224) 100%)","background_repeat":"repeat","background_size":"auto","background_attachment":"scroll","patternColor":{"default":{"color":"#e5e7ea"}},"overlayColor":{"default":{"color":"CT_CSS_SKIP_RULE"}},"backgroundColor":{"default":{"color":"CT_CSS_SKIP_RULE"}}},"content_background":{"background_type":"color","background_pattern":"type-1","background_image":{"attachment_id":null,"x":0,"y":0},"gradient":"linear-gradient(135deg,rgba(6,147,227,1) 0%,rgb(155,81,224) 100%)","background_repeat":"repeat","background_size":"auto","background_attachment":"scroll","patternColor":{"default":{"color":"#e5e7ea"}},"overlayColor":{"default":{"color":"CT_CSS_SKIP_RULE"}},"backgroundColor":{"default":{"color":"var(--theme-palette-color-8)"}}},"content_boxed_shadow":{"inherit":false,"blur":18,"spread":-6,"v_offset":12,"h_offset":0,"inset":false,"enable":true,"color":{"color":"rgba(34, 56, 101, 0.04)"}},"content_boxed_border":{"width":1,"style":"none","color":{"color":"rgba(44,62,80,0.2)"}},"content_boxed_radius":{"top":"3px","bottom":"3px","left":"3px","right":"3px","linked":true},"boxed_content_spacing":{"desktop":{"top":"40px","bottom":"40px","left":"40px","right":"40px","linked":true},"tablet":{"top":"35px","bottom":"35px","left":"35px","right":"35px","linked":true},"mobile":{"top":"20px","bottom":"20px","left":"20px","right":"20px","linked":true}},"78c6ea42f5c8dae61b6046a19e13a7fb":"","disable_featured_image":"no","disable_share_box":"no","disable_header":"no","disable_footer":"no","styles_descriptor":{"styles":{"desktop":"","tablet":"","mobile":""},"google_fonts":[],"version":6}},"aioseo_notices":[],"_links":{"self":[{"href":"https:\/\/alexandrabanti.com\/en\/wp-json\/wp\/v2\/pages\/2954","targetHints":{"allow":["GET"]}}],"collection":[{"href":"https:\/\/alexandrabanti.com\/en\/wp-json\/wp\/v2\/pages"}],"about":[{"href":"https:\/\/alexandrabanti.com\/en\/wp-json\/wp\/v2\/types\/page"}],"author":[{"embeddable":true,"href":"https:\/\/alexandrabanti.com\/en\/wp-json\/wp\/v2\/users\/1"}],"replies":[{"embeddable":true,"href":"https:\/\/alexandrabanti.com\/en\/wp-json\/wp\/v2\/comments?post=2954"}],"version-history":[{"count":10,"href":"https:\/\/alexandrabanti.com\/en\/wp-json\/wp\/v2\/pages\/2954\/revisions"}],"predecessor-version":[{"id":2967,"href":"https:\/\/alexandrabanti.com\/en\/wp-json\/wp\/v2\/pages\/2954\/revisions\/2967"}],"wp:attachment":[{"href":"https:\/\/alexandrabanti.com\/en\/wp-json\/wp\/v2\/media?parent=2954"}],"curies":[{"name":"wp","href":"https:\/\/api.w.org\/{rel}","templated":true}]}}