{"id":2885,"date":"2025-03-07T11:10:22","date_gmt":"2025-03-07T10:10:22","guid":{"rendered":"https:\/\/alexandrabanti.com\/?post_type=product&#038;p=2885"},"modified":"2025-06-19T11:15:39","modified_gmt":"2025-06-19T09:15:39","slug":"tarot-de-la-lumiere-divine","status":"publish","type":"product","link":"https:\/\/alexandrabanti.com\/en\/product\/tarot-de-la-lumiere-divine\/","title":{"rendered":"Tarot de la Lumi\u00e8re divine"},"content":{"rendered":"<p><strong><em>Inclus dans le coffret :<\/em><\/strong><br \/>\n\u2022 <strong>Le livre : <\/strong>Plongez dans une exploration profonde des symboles et enseignements du Tarot. Ce guide vous accompagnera dans la compr\u00e9hension des cartes et leur utilisation pour la m\u00e9ditation, la r\u00e9flexion ou les tirages spirituels.<br \/>\n\u2022<strong> Les cartes :<\/strong> Un jeu de Tarot illustr\u00e9 avec le coeur, o\u00f9 chaque carte refl\u00e8te un message spirituel universel, pens\u00e9 pour \u00e9veiller le coeur et nourrir l\u2019\u00e2me.<\/p>\n<p>\u2022<strong> Une bo\u00eete<\/strong> coffret de luxe aimant\u00e9e pour contenir les cartes et le livre<\/p>\n<p><strong><em>D\u00e9tails techniques : <\/em><\/strong><br \/>\n\u2022 Livre : 77 pages, A5, couverture souple, illustrations en pleine page (imprim\u00e9 en Italie)<br \/>\n\u2022 Cartes : 8&#215;11,5 cm, coins arrondis (imprim\u00e9es en France)<\/p>\n<p>***<\/p>\n<p><em>Pourquoi choisir ce coffret ?<\/em><br \/>\nUne approche unique alliant art, spiritualit\u00e9, introspection et enseignements sacr\u00e9s.<br \/>\nUn outil id\u00e9al pour les passionn\u00e9\u00b7e\u00b7s de Tarot, d\u00e9butant\u00b7e\u00b7s comme initi\u00e9\u00b7e\u00b7s, cherchant \u00e0 approfondir leur pratique ou \u00e0 se reconnecter \u00e0 leur essence divine.<\/p>","protected":false},"excerpt":{"rendered":"<p><strong>Le Tarot de la Lumi\u00e8re divine \u2013 Livre et Cartes<\/strong><\/p>\n<p>D\u00e9couvrez Le Tarot de la Lumi\u00e8re divine, une r\u00e9interpr\u00e9tation lumineuse et inspirante du Tarot de Marseille. Ce coffret unique, fruit de 5 ann\u00e9es de recherches, de m\u00e9ditations et d\u2019exploration artistique, propose une vision moderne et spirituelle de cet outil intemporel.<\/p>\n<p>Inspir\u00e9 par une qu\u00eate personnelle et une \u00e9tude des textes sacr\u00e9s, le Tarot de la Lumi\u00e8re divine invite \u00e0 une introspection \u00e9clairante et \u00e0 un alignement avec les lois universelles.<\/p>\n<p>&nbsp;<\/p>","protected":false},"featured_media":2892,"comment_status":"open","ping_status":"closed","template":"","meta":{"om_disable_all_campaigns":false,"_monsterinsights_skip_tracking":false,"_monsterinsights_sitenote_active":false,"_monsterinsights_sitenote_note":"","_monsterinsights_sitenote_category":0,"ngg_post_thumbnail":0},"product_brand":[],"product_cat":[31,30,28],"product_tag":[],"class_list":{"0":"post-2885","1":"product","2":"type-product","3":"status-publish","4":"has-post-thumbnail","6":"product_cat-cartes","7":"product_cat-livre-tarot","8":"product_cat-tarot","10":"first","11":"instock","12":"shipping-taxable","13":"purchasable","14":"product-type-simple"},"aioseo_notices":[],"_links":{"self":[{"href":"https:\/\/alexandrabanti.com\/en\/wp-json\/wp\/v2\/product\/2885","targetHints":{"allow":["GET"]}}],"collection":[{"href":"https:\/\/alexandrabanti.com\/en\/wp-json\/wp\/v2\/product"}],"about":[{"href":"https:\/\/alexandrabanti.com\/en\/wp-json\/wp\/v2\/types\/product"}],"replies":[{"embeddable":true,"href":"https:\/\/alexandrabanti.com\/en\/wp-json\/wp\/v2\/comments?post=2885"}],"wp:featuredmedia":[{"embeddable":true,"href":"https:\/\/alexandrabanti.com\/en\/wp-json\/wp\/v2\/media\/2892"}],"wp:attachment":[{"href":"https:\/\/alexandrabanti.com\/en\/wp-json\/wp\/v2\/media?parent=2885"}],"wp:term":[{"taxonomy":"product_brand","embeddable":true,"href":"https:\/\/alexandrabanti.com\/en\/wp-json\/wp\/v2\/product_brand?post=2885"},{"taxonomy":"product_cat","embeddable":true,"href":"https:\/\/alexandrabanti.com\/en\/wp-json\/wp\/v2\/product_cat?post=2885"},{"taxonomy":"product_tag","embeddable":true,"href":"https:\/\/alexandrabanti.com\/en\/wp-json\/wp\/v2\/product_tag?post=2885"}],"curies":[{"name":"wp","href":"https:\/\/api.w.org\/{rel}","templated":true}]}}