{"id":3042,"date":"2025-06-20T17:22:59","date_gmt":"2025-06-20T15:22:59","guid":{"rendered":"https:\/\/alexandrabanti.com\/?post_type=product&#038;p=3042"},"modified":"2025-06-20T17:22:59","modified_gmt":"2025-06-20T15:22:59","slug":"livre-tarot-de-la-lumiere-divine","status":"publish","type":"product","link":"https:\/\/alexandrabanti.com\/en\/product\/livre-tarot-de-la-lumiere-divine\/","title":{"rendered":"Livre Tarot de la Lumi\u00e8re divine"},"content":{"rendered":"<p>Plongez dans une exploration profonde des symboles et enseignements du Tarot. Ce guide vous accompagnera dans la compr\u00e9hension des cartes et leur utilisation pour la m\u00e9ditation, la r\u00e9flexion ou les tirages spirituels.<\/p>\n<p>Livre couverture souple de 76 pages format A5 avec illustrations en pleine page.&nbsp;<\/p>","protected":false},"excerpt":{"rendered":"<p><strong>Le Tarot de la Lumi\u00e8re divine \u2013 Livre et Cartes<\/strong><\/p>\n<p>D\u00e9couvrez Le Tarot de la Lumi\u00e8re divine, une r\u00e9interpr\u00e9tation lumineuse et inspirante du Tarot de Marseille. Ce coffret unique, fruit de 5 ann\u00e9es de recherches, de m\u00e9ditations et d\u2019exploration artistique, propose une vision moderne et spirituelle de cet outil intemporel.<\/p>","protected":false},"featured_media":3043,"comment_status":"closed","ping_status":"closed","template":"","meta":{"om_disable_all_campaigns":false,"_monsterinsights_skip_tracking":false,"_monsterinsights_sitenote_active":false,"_monsterinsights_sitenote_note":"","_monsterinsights_sitenote_category":0,"ngg_post_thumbnail":0},"product_brand":[],"product_cat":[30,28],"product_tag":[],"class_list":{"0":"post-3042","1":"product","2":"type-product","3":"status-publish","4":"has-post-thumbnail","6":"product_cat-livre-tarot","7":"product_cat-tarot","9":"first","10":"instock","11":"shipping-taxable","12":"purchasable","13":"product-type-simple"},"aioseo_notices":[],"_links":{"self":[{"href":"https:\/\/alexandrabanti.com\/en\/wp-json\/wp\/v2\/product\/3042","targetHints":{"allow":["GET"]}}],"collection":[{"href":"https:\/\/alexandrabanti.com\/en\/wp-json\/wp\/v2\/product"}],"about":[{"href":"https:\/\/alexandrabanti.com\/en\/wp-json\/wp\/v2\/types\/product"}],"replies":[{"embeddable":true,"href":"https:\/\/alexandrabanti.com\/en\/wp-json\/wp\/v2\/comments?post=3042"}],"wp:featuredmedia":[{"embeddable":true,"href":"https:\/\/alexandrabanti.com\/en\/wp-json\/wp\/v2\/media\/3043"}],"wp:attachment":[{"href":"https:\/\/alexandrabanti.com\/en\/wp-json\/wp\/v2\/media?parent=3042"}],"wp:term":[{"taxonomy":"product_brand","embeddable":true,"href":"https:\/\/alexandrabanti.com\/en\/wp-json\/wp\/v2\/product_brand?post=3042"},{"taxonomy":"product_cat","embeddable":true,"href":"https:\/\/alexandrabanti.com\/en\/wp-json\/wp\/v2\/product_cat?post=3042"},{"taxonomy":"product_tag","embeddable":true,"href":"https:\/\/alexandrabanti.com\/en\/wp-json\/wp\/v2\/product_tag?post=3042"}],"curies":[{"name":"wp","href":"https:\/\/api.w.org\/{rel}","templated":true}]}}